{"id":4454,"date":"2024-06-08T14:32:17","date_gmt":"2024-06-08T20:32:17","guid":{"rendered":"https:\/\/coldlakeairshow.com\/?page_id=4454"},"modified":"2025-05-07T12:51:36","modified_gmt":"2025-05-07T18:51:36","slug":"concert-et-evenement-after-burner","status":"publish","type":"page","link":"https:\/\/coldlakeairshow.com\/fr\/concert-et-evenement-after-burner\/","title":{"rendered":"Concert et \u00e9v\u00e9nement After Burner"},"content":{"rendered":"<p>[et_pb_section fb_built=\u00a0\u00bb1&Prime; admin_label=\u00a0\u00bbHeader\u00a0\u00bb _builder_version=\u00a0\u00bb4.24.2&Prime; use_background_color_gradient=\u00a0\u00bbon\u00a0\u00bb background_color_gradient_type=\u00a0\u00bbcircular\u00a0\u00bb background_color_gradient_stops=\u00a0\u00bbrgba(15,15,15,0.4) 0%|#353535 100%\u00a0\u00bb background_color_gradient_overlays_image=\u00a0\u00bbon\u00a0\u00bb background_color_gradient_start=\u00a0\u00bbrgba(15,15,15,0.4)\u00a0\u00bb background_color_gradient_end=\u00a0\u00bb#353535&Prime; background_image=\u00a0\u00bbhttps:\/\/coldlakeairshow.com\/wp-content\/uploads\/2022\/09\/ColdLakeairshow22_pcardinal-8.jpg\u00a0\u00bb background_position=\u00a0\u00bbtop_center\u00a0\u00bb custom_padding=\u00a0\u00bb100px||100px||true|false\u00a0\u00bb filter_brightness=\u00a0\u00bb110%\u00a0\u00bb filter_contrast=\u00a0\u00bb135%\u00a0\u00bb bottom_divider_arrangement=\u00a0\u00bbabove_content\u00a0\u00bb collapsed=\u00a0\u00bboff\u00a0\u00bb global_colors_info=\u00a0\u00bb{}\u00a0\u00bb][et_pb_row _builder_version=\u00a0\u00bb4.16&Prime; global_colors_info=\u00a0\u00bb{}\u00a0\u00bb][et_pb_column type=\u00a0\u00bb4_4&Prime; _builder_version=\u00a0\u00bb4.16&Prime; global_colors_info=\u00a0\u00bb{}\u00a0\u00bb][et_pb_image src=\u00a0\u00bbhttps:\/\/coldlakeairshow.com\/wp-content\/uploads\/2021\/11\/Logo-header-gradient-e1637176986836.png\u00a0\u00bb title_text=\u00a0\u00bbLogo header gradient\u00a0\u00bb show_bottom_space=\u00a0\u00bboff\u00a0\u00bb _builder_version=\u00a0\u00bb4.16&Prime; background_color=\u00a0\u00bbrgba(0,0,0,0)\u00a0\u00bb width=\u00a0\u00bb200px\u00a0\u00bb module_alignment=\u00a0\u00bbcenter\u00a0\u00bb global_colors_info=\u00a0\u00bb{}\u00a0\u00bb][\/et_pb_image][et_pb_text _builder_version=\u00a0\u00bb4.24.2&Prime; text_font=\u00a0\u00bb|300|||||||\u00a0\u00bb text_font_size=\u00a0\u00bb22px\u00a0\u00bb header_font=\u00a0\u00bb|||on|||||\u00a0\u00bb background_layout=\u00a0\u00bbdark\u00a0\u00bb custom_margin=\u00a0\u00bb||||false|false\u00a0\u00bb custom_padding=\u00a0\u00bb10px||||false|false\u00a0\u00bb hover_enabled=\u00a0\u00bb0&Prime; text_text_shadow_style=\u00a0\u00bbpreset2&Prime; global_colors_info=\u00a0\u00bb{}\u00a0\u00bb sticky_enabled=\u00a0\u00bb0&Prime;]<\/p>\n<p style=\"text-align: center;\">Spectacle a\u00e9rien de Cold Lake<\/p>\n<p>[\/et_pb_text][et_pb_post_title meta=\u00a0\u00bboff\u00a0\u00bb featured_image=\u00a0\u00bboff\u00a0\u00bb text_color=\u00a0\u00bblight\u00a0\u00bb _builder_version=\u00a0\u00bb4.16&Prime; title_font=\u00a0\u00bb|700||on|||||\u00a0\u00bb title_text_align=\u00a0\u00bbcenter\u00a0\u00bb title_font_size=\u00a0\u00bb42px\u00a0\u00bb custom_margin=\u00a0\u00bb||||false|false\u00a0\u00bb custom_padding=\u00a0\u00bb||||false|false\u00a0\u00bb title_text_shadow_style=\u00a0\u00bbpreset2&Prime; global_colors_info=\u00a0\u00bb{}\u00a0\u00bb][\/et_pb_post_title][\/et_pb_column][\/et_pb_row][\/et_pb_section][et_pb_section fb_built=\u00a0\u00bb1&Prime; inner_shadow=\u00a0\u00bbon\u00a0\u00bb admin_label=\u00a0\u00bbTickets\u00a0\u00bb _builder_version=\u00a0\u00bb4.16&Prime; use_background_color_gradient=\u00a0\u00bbon\u00a0\u00bb background_color_gradient_stops=\u00a0\u00bbrgba(255,255,255,0.6) 0%|rgba(255,255,255,0.71) 100%\u00a0\u00bb background_color_gradient_overlays_image=\u00a0\u00bbon\u00a0\u00bb background_color_gradient_start=\u00a0\u00bbrgba(255,255,255,0.6)\u00a0\u00bb background_color_gradient_end=\u00a0\u00bbrgba(255,255,255,0.71)\u00a0\u00bb background_image=\u00a0\u00bbhttps:\/\/coldlakeairshow.com\/wp-content\/uploads\/2019\/08\/skybh.jpg\u00a0\u00bb custom_padding=\u00a0\u00bb40px||40px|||\u00a0\u00bb top_divider_flip=\u00a0\u00bbvertical\u00a0\u00bb collapsed=\u00a0\u00bboff\u00a0\u00bb global_colors_info=\u00a0\u00bb{}\u00a0\u00bb][et_pb_row column_structure=\u00a0\u00bb1_2,1_2&Prime; make_equal=\u00a0\u00bbon\u00a0\u00bb _builder_version=\u00a0\u00bb4.16&Prime; width=\u00a0\u00bb56.6%\u00a0\u00bb custom_padding=\u00a0\u00bb||||false|false\u00a0\u00bb global_colors_info=\u00a0\u00bb{}\u00a0\u00bb][et_pb_column type=\u00a0\u00bb1_2&Prime; _builder_version=\u00a0\u00bb4.16&Prime; global_colors_info=\u00a0\u00bb{}\u00a0\u00bb][et_pb_text _builder_version=\u00a0\u00bb4.24.2&Prime; hover_enabled=\u00a0\u00bb0&Prime; global_colors_info=\u00a0\u00bb{}\u00a0\u00bb sticky_enabled=\u00a0\u00bb0&Prime;]<\/p>\n<h3>D\u00e9tails du concert et de l&rsquo;\u00e9v\u00e9nement \u00ab After Burner \u00bb 2024<\/h3>\n<p>Rejoignez-nous au Bonnyville et District centre du centenaire pour le lancement de la fin de semaine du Spectacle a\u00e9rien 2024, le samedi 20 juillet \u00e0 partir de 17 heures ! Soyez pr\u00eats pour une soir\u00e9e bien remplis :<\/p>\n<ul>\n<li>Activit\u00e9s familiales<\/li>\n<li>Spectacles sur sc\u00e8ne<\/li>\n<li>Jardins \u00e0 bi\u00e8res<\/li>\n<li>BBQ<\/li>\n<\/ul>\n<p><a href=\"https:\/\/town.bonnyville.ab.ca\/event\/after-burner-concert\/\" target=\"_blank\" rel=\"noopener\">Organis\u00e9 par la Ville de Bonnyville.<\/a><\/p>\n<p>[\/et_pb_text][\/et_pb_column][et_pb_column type=\u00a0\u00bb1_2&Prime; _builder_version=\u00a0\u00bb4.16&Prime; global_colors_info=\u00a0\u00bb{}\u00a0\u00bb][et_pb_image src=\u00a0\u00bbhttps:\/\/coldlakeairshow.com\/wp-content\/uploads\/2024\/06\/AfterBurner.png\u00a0\u00bb title_text=\u00a0\u00bbAfterBurner\u00a0\u00bb align=\u00a0\u00bbcenter\u00a0\u00bb _builder_version=\u00a0\u00bb4.24.2&Prime; border_radii=\u00a0\u00bbon|15px|15px|15px|15px\u00a0\u00bb border_width_all=\u00a0\u00bb10px\u00a0\u00bb border_color_all=\u00a0\u00bb#ffffff\u00a0\u00bb global_colors_info=\u00a0\u00bb{}\u00a0\u00bb][\/et_pb_image][\/et_pb_column][\/et_pb_row][\/et_pb_section]<\/p>\n","protected":false},"excerpt":{"rendered":"<p>Spectacle a\u00e9rien de Cold LakeD\u00e9tails du concert et de l&rsquo;\u00e9v\u00e9nement \u00ab After Burner \u00bb 2024 Rejoignez-nous au Bonnyville et District centre du centenaire pour le lancement de la fin de semaine du Spectacle a\u00e9rien 2024, le samedi 20 juillet \u00e0 partir de 17 heures ! Soyez pr\u00eats pour une soir\u00e9e bien remplis : Activit\u00e9s familiales [&hellip;]<\/p>\n","protected":false},"author":3,"featured_media":0,"parent":0,"menu_order":0,"comment_status":"closed","ping_status":"closed","template":"","meta":{"_et_pb_use_builder":"on","_et_pb_old_content":"","_et_gb_content_width":"","footnotes":""},"class_list":["post-4454","page","type-page","status-publish","hentry"],"yoast_head":"<!-- This site is optimized with the Yoast SEO plugin v27.3 - https:\/\/yoast.com\/product\/yoast-seo-wordpress\/ -->\n<title>Concert et \u00e9v\u00e9nement After Burner - Cold Lake Air Show<\/title>\n<meta name=\"robots\" content=\"index, follow, max-snippet:-1, max-image-preview:large, max-video-preview:-1\" \/>\n<link rel=\"canonical\" href=\"https:\/\/coldlakeairshow.com\/fr\/concert-et-evenement-after-burner\/\" \/>\n<meta property=\"og:locale\" content=\"fr_FR\" \/>\n<meta property=\"og:type\" content=\"article\" \/>\n<meta property=\"og:title\" content=\"Concert et \u00e9v\u00e9nement After Burner - Cold Lake Air Show\" \/>\n<meta property=\"og:description\" content=\"Spectacle a\u00e9rien de Cold LakeD\u00e9tails du concert et de l&#039;\u00e9v\u00e9nement \u00ab After Burner \u00bb 2024 Rejoignez-nous au Bonnyville et District centre du centenaire pour le lancement de la fin de semaine du Spectacle a\u00e9rien 2024, le samedi 20 juillet \u00e0 partir de 17 heures ! Soyez pr\u00eats pour une soir\u00e9e bien remplis : Activit\u00e9s familiales [&hellip;]\" \/>\n<meta property=\"og:url\" content=\"https:\/\/coldlakeairshow.com\/fr\/concert-et-evenement-after-burner\/\" \/>\n<meta property=\"og:site_name\" content=\"Cold Lake Air Show\" \/>\n<meta property=\"article:modified_time\" content=\"2025-05-07T18:51:36+00:00\" \/>\n<meta name=\"twitter:card\" content=\"summary_large_image\" \/>\n<meta name=\"twitter:label1\" content=\"Dur\u00e9e de lecture estim\u00e9e\" \/>\n\t<meta name=\"twitter:data1\" content=\"1 minute\" \/>\n<script type=\"application\/ld+json\" class=\"yoast-schema-graph\">{\"@context\":\"https:\\\/\\\/schema.org\",\"@graph\":[{\"@type\":\"WebPage\",\"@id\":\"https:\\\/\\\/coldlakeairshow.com\\\/fr\\\/concert-et-evenement-after-burner\\\/\",\"url\":\"https:\\\/\\\/coldlakeairshow.com\\\/fr\\\/concert-et-evenement-after-burner\\\/\",\"name\":\"Concert et \u00e9v\u00e9nement After Burner - Cold Lake Air Show\",\"isPartOf\":{\"@id\":\"https:\\\/\\\/coldlakeairshow.com\\\/#website\"},\"datePublished\":\"2024-06-08T20:32:17+00:00\",\"dateModified\":\"2025-05-07T18:51:36+00:00\",\"breadcrumb\":{\"@id\":\"https:\\\/\\\/coldlakeairshow.com\\\/fr\\\/concert-et-evenement-after-burner\\\/#breadcrumb\"},\"inLanguage\":\"fr-FR\",\"potentialAction\":[{\"@type\":\"ReadAction\",\"target\":[\"https:\\\/\\\/coldlakeairshow.com\\\/fr\\\/concert-et-evenement-after-burner\\\/\"]}]},{\"@type\":\"BreadcrumbList\",\"@id\":\"https:\\\/\\\/coldlakeairshow.com\\\/fr\\\/concert-et-evenement-after-burner\\\/#breadcrumb\",\"itemListElement\":[{\"@type\":\"ListItem\",\"position\":1,\"name\":\"Home\",\"item\":\"https:\\\/\\\/coldlakeairshow.com\\\/\"},{\"@type\":\"ListItem\",\"position\":2,\"name\":\"Concert et \u00e9v\u00e9nement After Burner\"}]},{\"@type\":\"WebSite\",\"@id\":\"https:\\\/\\\/coldlakeairshow.com\\\/#website\",\"url\":\"https:\\\/\\\/coldlakeairshow.com\\\/\",\"name\":\"Cold Lake Air Show\",\"description\":\"18 &amp; 19 July 2026\",\"potentialAction\":[{\"@type\":\"SearchAction\",\"target\":{\"@type\":\"EntryPoint\",\"urlTemplate\":\"https:\\\/\\\/coldlakeairshow.com\\\/?s={search_term_string}\"},\"query-input\":{\"@type\":\"PropertyValueSpecification\",\"valueRequired\":true,\"valueName\":\"search_term_string\"}}],\"inLanguage\":\"fr-FR\"}]}<\/script>\n<!-- \/ Yoast SEO plugin. -->","yoast_head_json":{"title":"Concert et \u00e9v\u00e9nement After Burner - Cold Lake Air Show","robots":{"index":"index","follow":"follow","max-snippet":"max-snippet:-1","max-image-preview":"max-image-preview:large","max-video-preview":"max-video-preview:-1"},"canonical":"https:\/\/coldlakeairshow.com\/fr\/concert-et-evenement-after-burner\/","og_locale":"fr_FR","og_type":"article","og_title":"Concert et \u00e9v\u00e9nement After Burner - Cold Lake Air Show","og_description":"Spectacle a\u00e9rien de Cold LakeD\u00e9tails du concert et de l'\u00e9v\u00e9nement \u00ab After Burner \u00bb 2024 Rejoignez-nous au Bonnyville et District centre du centenaire pour le lancement de la fin de semaine du Spectacle a\u00e9rien 2024, le samedi 20 juillet \u00e0 partir de 17 heures ! Soyez pr\u00eats pour une soir\u00e9e bien remplis : Activit\u00e9s familiales [&hellip;]","og_url":"https:\/\/coldlakeairshow.com\/fr\/concert-et-evenement-after-burner\/","og_site_name":"Cold Lake Air Show","article_modified_time":"2025-05-07T18:51:36+00:00","twitter_card":"summary_large_image","twitter_misc":{"Dur\u00e9e de lecture estim\u00e9e":"1 minute"},"schema":{"@context":"https:\/\/schema.org","@graph":[{"@type":"WebPage","@id":"https:\/\/coldlakeairshow.com\/fr\/concert-et-evenement-after-burner\/","url":"https:\/\/coldlakeairshow.com\/fr\/concert-et-evenement-after-burner\/","name":"Concert et \u00e9v\u00e9nement After Burner - Cold Lake Air Show","isPartOf":{"@id":"https:\/\/coldlakeairshow.com\/#website"},"datePublished":"2024-06-08T20:32:17+00:00","dateModified":"2025-05-07T18:51:36+00:00","breadcrumb":{"@id":"https:\/\/coldlakeairshow.com\/fr\/concert-et-evenement-after-burner\/#breadcrumb"},"inLanguage":"fr-FR","potentialAction":[{"@type":"ReadAction","target":["https:\/\/coldlakeairshow.com\/fr\/concert-et-evenement-after-burner\/"]}]},{"@type":"BreadcrumbList","@id":"https:\/\/coldlakeairshow.com\/fr\/concert-et-evenement-after-burner\/#breadcrumb","itemListElement":[{"@type":"ListItem","position":1,"name":"Home","item":"https:\/\/coldlakeairshow.com\/"},{"@type":"ListItem","position":2,"name":"Concert et \u00e9v\u00e9nement After Burner"}]},{"@type":"WebSite","@id":"https:\/\/coldlakeairshow.com\/#website","url":"https:\/\/coldlakeairshow.com\/","name":"Cold Lake Air Show","description":"18 &amp; 19 July 2026","potentialAction":[{"@type":"SearchAction","target":{"@type":"EntryPoint","urlTemplate":"https:\/\/coldlakeairshow.com\/?s={search_term_string}"},"query-input":{"@type":"PropertyValueSpecification","valueRequired":true,"valueName":"search_term_string"}}],"inLanguage":"fr-FR"}]}},"_links":{"self":[{"href":"https:\/\/coldlakeairshow.com\/fr\/wp-json\/wp\/v2\/pages\/4454","targetHints":{"allow":["GET"]}}],"collection":[{"href":"https:\/\/coldlakeairshow.com\/fr\/wp-json\/wp\/v2\/pages"}],"about":[{"href":"https:\/\/coldlakeairshow.com\/fr\/wp-json\/wp\/v2\/types\/page"}],"author":[{"embeddable":true,"href":"https:\/\/coldlakeairshow.com\/fr\/wp-json\/wp\/v2\/users\/3"}],"replies":[{"embeddable":true,"href":"https:\/\/coldlakeairshow.com\/fr\/wp-json\/wp\/v2\/comments?post=4454"}],"version-history":[{"count":5,"href":"https:\/\/coldlakeairshow.com\/fr\/wp-json\/wp\/v2\/pages\/4454\/revisions"}],"predecessor-version":[{"id":5223,"href":"https:\/\/coldlakeairshow.com\/fr\/wp-json\/wp\/v2\/pages\/4454\/revisions\/5223"}],"wp:attachment":[{"href":"https:\/\/coldlakeairshow.com\/fr\/wp-json\/wp\/v2\/media?parent=4454"}],"curies":[{"name":"wp","href":"https:\/\/api.w.org\/{rel}","templated":true}]}}