{"id":1202,"date":"2019-11-04T21:03:34","date_gmt":"2019-11-04T21:03:34","guid":{"rendered":"http:\/\/coldlakeairshow.com\/?page_id=1202"},"modified":"2025-12-12T09:56:42","modified_gmt":"2025-12-12T16:56:42","slug":"medias","status":"publish","type":"page","link":"https:\/\/coldlakeairshow.com\/fr\/medias\/","title":{"rendered":"M\u00e9dias"},"content":{"rendered":"<p>[et_pb_section fb_built=\u00a0\u00bb1&Prime; admin_label=\u00a0\u00bbHeader\u00a0\u00bb _builder_version=\u00a0\u00bb4.24.0&Prime; use_background_color_gradient=\u00a0\u00bbon\u00a0\u00bb background_color_gradient_type=\u00a0\u00bbcircular\u00a0\u00bb background_color_gradient_stops=\u00a0\u00bbrgba(15,15,15,0.4) 0%|#353535 100%\u00a0\u00bb background_color_gradient_overlays_image=\u00a0\u00bbon\u00a0\u00bb background_color_gradient_start=\u00a0\u00bbrgba(15,15,15,0.4)\u00a0\u00bb background_color_gradient_end=\u00a0\u00bb#353535&Prime; background_image=\u00a0\u00bbhttps:\/\/coldlakeairshow.com\/wp-content\/uploads\/2024\/01\/Media-page.jpg\u00a0\u00bb background_position=\u00a0\u00bbtop_center\u00a0\u00bb custom_padding=\u00a0\u00bb100px||100px||true|false\u00a0\u00bb filter_brightness=\u00a0\u00bb110%\u00a0\u00bb filter_contrast=\u00a0\u00bb135%\u00a0\u00bb bottom_divider_arrangement=\u00a0\u00bbabove_content\u00a0\u00bb collapsed=\u00a0\u00bboff\u00a0\u00bb global_colors_info=\u00a0\u00bb{}\u00a0\u00bb][et_pb_row _builder_version=\u00a0\u00bb4.16&Prime; global_colors_info=\u00a0\u00bb{}\u00a0\u00bb][et_pb_column type=\u00a0\u00bb4_4&Prime; _builder_version=\u00a0\u00bb4.16&Prime; global_colors_info=\u00a0\u00bb{}\u00a0\u00bb][et_pb_image src=\u00a0\u00bbhttps:\/\/coldlakeairshow.com\/wp-content\/uploads\/2021\/11\/Logo-header-gradient-e1637176986836.png\u00a0\u00bb title_text=\u00a0\u00bbLogo header gradient\u00a0\u00bb show_bottom_space=\u00a0\u00bboff\u00a0\u00bb _builder_version=\u00a0\u00bb4.16&Prime; background_color=\u00a0\u00bbrgba(0,0,0,0)\u00a0\u00bb width=\u00a0\u00bb200px\u00a0\u00bb module_alignment=\u00a0\u00bbcenter\u00a0\u00bb global_colors_info=\u00a0\u00bb{}\u00a0\u00bb][\/et_pb_image][et_pb_text _builder_version=\u00a0\u00bb4.24.2&Prime; text_font=\u00a0\u00bb|300|||||||\u00a0\u00bb text_font_size=\u00a0\u00bb22px\u00a0\u00bb header_font=\u00a0\u00bb|||on|||||\u00a0\u00bb background_layout=\u00a0\u00bbdark\u00a0\u00bb custom_margin=\u00a0\u00bb||||false|false\u00a0\u00bb custom_padding=\u00a0\u00bb10px||||false|false\u00a0\u00bb text_text_shadow_style=\u00a0\u00bbpreset2&Prime; global_colors_info=\u00a0\u00bb{}\u00a0\u00bb]<\/p>\n<p style=\"text-align: center;\">Spectacle a\u00e9rien de Cold Lake<\/p>\n<p>[\/et_pb_text][et_pb_post_title meta=\u00a0\u00bboff\u00a0\u00bb featured_image=\u00a0\u00bboff\u00a0\u00bb text_color=\u00a0\u00bblight\u00a0\u00bb _builder_version=\u00a0\u00bb4.16&Prime; title_font=\u00a0\u00bb|700||on|||||\u00a0\u00bb title_text_align=\u00a0\u00bbcenter\u00a0\u00bb title_font_size=\u00a0\u00bb42px\u00a0\u00bb custom_margin=\u00a0\u00bb||||false|false\u00a0\u00bb custom_padding=\u00a0\u00bb||||false|false\u00a0\u00bb title_text_shadow_style=\u00a0\u00bbpreset2&Prime; global_colors_info=\u00a0\u00bb{}\u00a0\u00bb][\/et_pb_post_title][\/et_pb_column][\/et_pb_row][\/et_pb_section][et_pb_section fb_built=\u00a0\u00bb1&Prime; inner_shadow=\u00a0\u00bbon\u00a0\u00bb admin_label=\u00a0\u00bbTickets\u00a0\u00bb _builder_version=\u00a0\u00bb4.16&Prime; use_background_color_gradient=\u00a0\u00bbon\u00a0\u00bb background_color_gradient_stops=\u00a0\u00bbrgba(255,255,255,0.6) 0%|rgba(255,255,255,0.71) 100%\u00a0\u00bb background_color_gradient_overlays_image=\u00a0\u00bbon\u00a0\u00bb background_color_gradient_start=\u00a0\u00bbrgba(255,255,255,0.6)\u00a0\u00bb background_color_gradient_end=\u00a0\u00bbrgba(255,255,255,0.71)\u00a0\u00bb background_image=\u00a0\u00bbhttps:\/\/coldlakeairshow.com\/wp-content\/uploads\/2019\/08\/skybh.jpg\u00a0\u00bb custom_padding=\u00a0\u00bb40px||40px|||\u00a0\u00bb top_divider_flip=\u00a0\u00bbvertical\u00a0\u00bb collapsed=\u00a0\u00bboff\u00a0\u00bb global_colors_info=\u00a0\u00bb{}\u00a0\u00bb][et_pb_row make_equal=\u00a0\u00bbon\u00a0\u00bb _builder_version=\u00a0\u00bb4.16&Prime; width=\u00a0\u00bb56.6%\u00a0\u00bb custom_padding=\u00a0\u00bb||||false|false\u00a0\u00bb global_colors_info=\u00a0\u00bb{}\u00a0\u00bb][et_pb_column type=\u00a0\u00bb4_4&Prime; _builder_version=\u00a0\u00bb4.16&Prime; global_colors_info=\u00a0\u00bb{}\u00a0\u00bb][et_pb_text _builder_version=\u00a0\u00bb4.27.4&Prime; header_text_align=\u00a0\u00bbleft\u00a0\u00bb header_2_text_align=\u00a0\u00bbleft\u00a0\u00bb header_2_font_size=\u00a0\u00bb24px\u00a0\u00bb header_2_line_height=\u00a0\u00bb1.5em\u00a0\u00bb hover_enabled=\u00a0\u00bb0&Prime; text_text_align=\u00a0\u00bbcenter\u00a0\u00bb global_colors_info=\u00a0\u00bb{}\u00a0\u00bb sticky_enabled=\u00a0\u00bb0&Prime;]<\/p>\n<p style=\"text-align: left;\">Les m\u00e9dias sont invit\u00e9s \u00e0 la journ\u00e9e des m\u00e9dias du Spectacle a\u00e9rien de Cold Lake o\u00f9 ils auront un acc\u00e8s exclusif aux participants, aux expositions statiques et aux performances d\u2019essai.<\/p>\n<p style=\"text-align: left;\">Les repr\u00e9sentants des m\u00e9dias int\u00e9ress\u00e9s doivent pr\u00e9senter une accr\u00e9ditation pour assister \u00e0 l\u2019\u00e9v\u00e9nement.<\/p>\n<p style=\"text-align: left;\"><strong>Activit\u00e9 :<\/strong>\u00a0Journ\u00e9e des m\u00e9dias du Spectacle a\u00e9rien de Cold Lake<\/p>\n<p style=\"text-align: left;\"><strong>Date :<\/strong> Le 17 juillet 2026. <span>Temps \u00e0 d\u00e9terminer.<\/span><\/p>\n<p style=\"text-align: left;\"><strong>Lieu :<\/strong>\u00a04e Escadre et BFC Cold Lake. Pour pouvoir entrer, les repr\u00e9sentants des m\u00e9dias doivent se rendre \u00e0 l\u2019entr\u00e9e principale du spectacle situ\u00e9e \u00e0 proximit\u00e9 de l\u2019aire de stationnement. Ils seront ensuite escort\u00e9s sur l\u2019aire de trafic et le lieu du spectacle.<\/p>\n<p style=\"text-align: left;\"><strong>Comment :<\/strong> Pr\u00e9sentez une accr\u00e9ditation et ayez une pi\u00e8ce d\u2019identit\u00e9 avec photo en main. Veuillez communiquer avec les Relations publiques de la 4e Escadre si vous souhaitez y assister.<\/p>\n<p style=\"text-align: left;\">Les repr\u00e9sentants des m\u00e9dias sont \u00e9galement invit\u00e9s au Spectacle a\u00e9rien de Cold Lake, qui comprendra des performances et une vari\u00e9t\u00e9 d\u2019expositions statiques. Ils doivent pr\u00e9senter une accr\u00e9ditation pour assister gratuitement \u00e0 l\u2019\u00e9v\u00e9nement.<\/p>\n<p style=\"text-align: left;\"><strong>Activit\u00e9 :<\/strong>\u00a0Spectacle a\u00e9rien de Cold Lake<\/p>\n<p style=\"text-align: left;\"><strong>Date :<\/strong> Les 18 et 19 juillet 2026. Les portes seront ouvertes de 9 h \u00e0 17 h. La d\u00e9monstration a\u00e9rienne commence \u00e0 midi.<\/p>\n<p style=\"text-align: left;\"><strong>Lieu :<\/strong>\u00a0Le point de rencontre est l\u2019entr\u00e9e principale du spectacle situ\u00e9e \u00e0 proximit\u00e9 de l\u2019aire de stationnement.<\/p>\n<p style=\"text-align: left;\"><strong>Comment :<\/strong> Vous devez pr\u00e9senter une accr\u00e9ditation et avoir une pi\u00e8ce d\u2019identit\u00e9 avec photo en main. Veuillez communiquer avec les Relations publiques de la 4e Escadre si vous souhaitez y assister. Votre nom sera ensuite inscrit sur une liste et transmis au personnel responsable de l\u2019acc\u00e8s.<\/p>\n<p style=\"text-align: left;\"><strong>Pour de plus amples renseignements, veuillez communiquer avec :<\/strong><br \/>Officier des affaires publiques, 4e Escadre<br \/><a href=\"mailto:4WING.4ESC.COLDLAKE@forces.gc.ca\">Courriel<\/a><br \/>780-840-8000, poste 6908121<\/p>\n<p>[\/et_pb_text][\/et_pb_column][\/et_pb_row][\/et_pb_section]<\/p>\n","protected":false},"excerpt":{"rendered":"<p>Spectacle a\u00e9rien de Cold LakeLes m\u00e9dias sont invit\u00e9s \u00e0 la journ\u00e9e des m\u00e9dias du Spectacle a\u00e9rien de Cold Lake o\u00f9 ils auront un acc\u00e8s exclusif aux participants, aux expositions statiques et aux performances d\u2019essai. Les repr\u00e9sentants des m\u00e9dias int\u00e9ress\u00e9s doivent pr\u00e9senter une accr\u00e9ditation pour assister \u00e0 l\u2019\u00e9v\u00e9nement. Activit\u00e9 :\u00a0Journ\u00e9e des m\u00e9dias du Spectacle a\u00e9rien de [&hellip;]<\/p>\n","protected":false},"author":1,"featured_media":0,"parent":0,"menu_order":0,"comment_status":"closed","ping_status":"closed","template":"","meta":{"_et_pb_use_builder":"on","_et_pb_old_content":"","_et_gb_content_width":"","footnotes":""},"class_list":["post-1202","page","type-page","status-publish","hentry"],"yoast_head":"<!-- This site is optimized with the Yoast SEO plugin v27.3 - https:\/\/yoast.com\/product\/yoast-seo-wordpress\/ -->\n<title>M\u00e9dias - Cold Lake Air Show<\/title>\n<meta name=\"robots\" content=\"index, follow, max-snippet:-1, max-image-preview:large, max-video-preview:-1\" \/>\n<link rel=\"canonical\" href=\"https:\/\/coldlakeairshow.com\/fr\/medias\/\" \/>\n<meta property=\"og:locale\" content=\"fr_FR\" \/>\n<meta property=\"og:type\" content=\"article\" \/>\n<meta property=\"og:title\" content=\"M\u00e9dias - Cold Lake Air Show\" \/>\n<meta property=\"og:description\" content=\"Spectacle a\u00e9rien de Cold LakeLes m\u00e9dias sont invit\u00e9s \u00e0 la journ\u00e9e des m\u00e9dias du Spectacle a\u00e9rien de Cold Lake o\u00f9 ils auront un acc\u00e8s exclusif aux participants, aux expositions statiques et aux performances d\u2019essai. Les repr\u00e9sentants des m\u00e9dias int\u00e9ress\u00e9s doivent pr\u00e9senter une accr\u00e9ditation pour assister \u00e0 l\u2019\u00e9v\u00e9nement. Activit\u00e9 :\u00a0Journ\u00e9e des m\u00e9dias du Spectacle a\u00e9rien de [&hellip;]\" \/>\n<meta property=\"og:url\" content=\"https:\/\/coldlakeairshow.com\/fr\/medias\/\" \/>\n<meta property=\"og:site_name\" content=\"Cold Lake Air Show\" \/>\n<meta property=\"article:modified_time\" content=\"2025-12-12T16:56:42+00:00\" \/>\n<meta name=\"twitter:card\" content=\"summary_large_image\" \/>\n<meta name=\"twitter:label1\" content=\"Dur\u00e9e de lecture estim\u00e9e\" \/>\n\t<meta name=\"twitter:data1\" content=\"3 minutes\" \/>\n<script type=\"application\/ld+json\" class=\"yoast-schema-graph\">{\"@context\":\"https:\\\/\\\/schema.org\",\"@graph\":[{\"@type\":\"WebPage\",\"@id\":\"https:\\\/\\\/coldlakeairshow.com\\\/fr\\\/medias\\\/\",\"url\":\"https:\\\/\\\/coldlakeairshow.com\\\/fr\\\/medias\\\/\",\"name\":\"M\u00e9dias - Cold Lake Air Show\",\"isPartOf\":{\"@id\":\"https:\\\/\\\/coldlakeairshow.com\\\/#website\"},\"datePublished\":\"2019-11-04T21:03:34+00:00\",\"dateModified\":\"2025-12-12T16:56:42+00:00\",\"breadcrumb\":{\"@id\":\"https:\\\/\\\/coldlakeairshow.com\\\/fr\\\/medias\\\/#breadcrumb\"},\"inLanguage\":\"fr-FR\",\"potentialAction\":[{\"@type\":\"ReadAction\",\"target\":[\"https:\\\/\\\/coldlakeairshow.com\\\/fr\\\/medias\\\/\"]}]},{\"@type\":\"BreadcrumbList\",\"@id\":\"https:\\\/\\\/coldlakeairshow.com\\\/fr\\\/medias\\\/#breadcrumb\",\"itemListElement\":[{\"@type\":\"ListItem\",\"position\":1,\"name\":\"Home\",\"item\":\"https:\\\/\\\/coldlakeairshow.com\\\/\"},{\"@type\":\"ListItem\",\"position\":2,\"name\":\"M\u00e9dias\"}]},{\"@type\":\"WebSite\",\"@id\":\"https:\\\/\\\/coldlakeairshow.com\\\/#website\",\"url\":\"https:\\\/\\\/coldlakeairshow.com\\\/\",\"name\":\"Cold Lake Air Show\",\"description\":\"18 &amp; 19 July 2026\",\"potentialAction\":[{\"@type\":\"SearchAction\",\"target\":{\"@type\":\"EntryPoint\",\"urlTemplate\":\"https:\\\/\\\/coldlakeairshow.com\\\/?s={search_term_string}\"},\"query-input\":{\"@type\":\"PropertyValueSpecification\",\"valueRequired\":true,\"valueName\":\"search_term_string\"}}],\"inLanguage\":\"fr-FR\"}]}<\/script>\n<!-- \/ Yoast SEO plugin. -->","yoast_head_json":{"title":"M\u00e9dias - Cold Lake Air Show","robots":{"index":"index","follow":"follow","max-snippet":"max-snippet:-1","max-image-preview":"max-image-preview:large","max-video-preview":"max-video-preview:-1"},"canonical":"https:\/\/coldlakeairshow.com\/fr\/medias\/","og_locale":"fr_FR","og_type":"article","og_title":"M\u00e9dias - Cold Lake Air Show","og_description":"Spectacle a\u00e9rien de Cold LakeLes m\u00e9dias sont invit\u00e9s \u00e0 la journ\u00e9e des m\u00e9dias du Spectacle a\u00e9rien de Cold Lake o\u00f9 ils auront un acc\u00e8s exclusif aux participants, aux expositions statiques et aux performances d\u2019essai. Les repr\u00e9sentants des m\u00e9dias int\u00e9ress\u00e9s doivent pr\u00e9senter une accr\u00e9ditation pour assister \u00e0 l\u2019\u00e9v\u00e9nement. Activit\u00e9 :\u00a0Journ\u00e9e des m\u00e9dias du Spectacle a\u00e9rien de [&hellip;]","og_url":"https:\/\/coldlakeairshow.com\/fr\/medias\/","og_site_name":"Cold Lake Air Show","article_modified_time":"2025-12-12T16:56:42+00:00","twitter_card":"summary_large_image","twitter_misc":{"Dur\u00e9e de lecture estim\u00e9e":"3 minutes"},"schema":{"@context":"https:\/\/schema.org","@graph":[{"@type":"WebPage","@id":"https:\/\/coldlakeairshow.com\/fr\/medias\/","url":"https:\/\/coldlakeairshow.com\/fr\/medias\/","name":"M\u00e9dias - Cold Lake Air Show","isPartOf":{"@id":"https:\/\/coldlakeairshow.com\/#website"},"datePublished":"2019-11-04T21:03:34+00:00","dateModified":"2025-12-12T16:56:42+00:00","breadcrumb":{"@id":"https:\/\/coldlakeairshow.com\/fr\/medias\/#breadcrumb"},"inLanguage":"fr-FR","potentialAction":[{"@type":"ReadAction","target":["https:\/\/coldlakeairshow.com\/fr\/medias\/"]}]},{"@type":"BreadcrumbList","@id":"https:\/\/coldlakeairshow.com\/fr\/medias\/#breadcrumb","itemListElement":[{"@type":"ListItem","position":1,"name":"Home","item":"https:\/\/coldlakeairshow.com\/"},{"@type":"ListItem","position":2,"name":"M\u00e9dias"}]},{"@type":"WebSite","@id":"https:\/\/coldlakeairshow.com\/#website","url":"https:\/\/coldlakeairshow.com\/","name":"Cold Lake Air Show","description":"18 &amp; 19 July 2026","potentialAction":[{"@type":"SearchAction","target":{"@type":"EntryPoint","urlTemplate":"https:\/\/coldlakeairshow.com\/?s={search_term_string}"},"query-input":{"@type":"PropertyValueSpecification","valueRequired":true,"valueName":"search_term_string"}}],"inLanguage":"fr-FR"}]}},"_links":{"self":[{"href":"https:\/\/coldlakeairshow.com\/fr\/wp-json\/wp\/v2\/pages\/1202","targetHints":{"allow":["GET"]}}],"collection":[{"href":"https:\/\/coldlakeairshow.com\/fr\/wp-json\/wp\/v2\/pages"}],"about":[{"href":"https:\/\/coldlakeairshow.com\/fr\/wp-json\/wp\/v2\/types\/page"}],"author":[{"embeddable":true,"href":"https:\/\/coldlakeairshow.com\/fr\/wp-json\/wp\/v2\/users\/1"}],"replies":[{"embeddable":true,"href":"https:\/\/coldlakeairshow.com\/fr\/wp-json\/wp\/v2\/comments?post=1202"}],"version-history":[{"count":13,"href":"https:\/\/coldlakeairshow.com\/fr\/wp-json\/wp\/v2\/pages\/1202\/revisions"}],"predecessor-version":[{"id":5470,"href":"https:\/\/coldlakeairshow.com\/fr\/wp-json\/wp\/v2\/pages\/1202\/revisions\/5470"}],"wp:attachment":[{"href":"https:\/\/coldlakeairshow.com\/fr\/wp-json\/wp\/v2\/media?parent=1202"}],"curies":[{"name":"wp","href":"https:\/\/api.w.org\/{rel}","templated":true}]}}