{"id":1181,"date":"2019-11-04T20:38:30","date_gmt":"2019-11-04T20:38:30","guid":{"rendered":"http:\/\/coldlakeairshow.com\/?page_id=1181"},"modified":"2026-04-07T15:18:05","modified_gmt":"2026-04-07T21:18:05","slug":"chalets-privee","status":"publish","type":"page","link":"https:\/\/coldlakeairshow.com\/fr\/chalets-privee\/","title":{"rendered":"Chalets Priv\u00e9e"},"content":{"rendered":"<p>[et_pb_section fb_built=\u00a0\u00bb1&Prime; admin_label=\u00a0\u00bbHeader\u00a0\u00bb _builder_version=\u00a0\u00bb4.16&Prime; use_background_color_gradient=\u00a0\u00bbon\u00a0\u00bb background_color_gradient_type=\u00a0\u00bbcircular\u00a0\u00bb background_color_gradient_stops=\u00a0\u00bbrgba(15,15,15,0.4) 0%|#353535 100%\u00a0\u00bb background_color_gradient_overlays_image=\u00a0\u00bbon\u00a0\u00bb background_color_gradient_start=\u00a0\u00bbrgba(15,15,15,0.4)\u00a0\u00bb background_color_gradient_end=\u00a0\u00bb#353535&Prime; background_image=\u00a0\u00bbhttps:\/\/coldlakeairshow.com\/wp-content\/uploads\/2019\/11\/5-b-Corporate-Chalet-Page.jpg\u00a0\u00bb custom_padding=\u00a0\u00bb100px||100px||true|false\u00a0\u00bb filter_brightness=\u00a0\u00bb110%\u00a0\u00bb filter_contrast=\u00a0\u00bb135%\u00a0\u00bb bottom_divider_arrangement=\u00a0\u00bbabove_content\u00a0\u00bb collapsed=\u00a0\u00bboff\u00a0\u00bb global_colors_info=\u00a0\u00bb{}\u00a0\u00bb][et_pb_row _builder_version=\u00a0\u00bb4.16&Prime; global_colors_info=\u00a0\u00bb{}\u00a0\u00bb][et_pb_column type=\u00a0\u00bb4_4&Prime; _builder_version=\u00a0\u00bb4.16&Prime; global_colors_info=\u00a0\u00bb{}\u00a0\u00bb][et_pb_image src=\u00a0\u00bbhttps:\/\/coldlakeairshow.com\/wp-content\/uploads\/2021\/11\/Logo-header-gradient-e1637176986836.png\u00a0\u00bb title_text=\u00a0\u00bbLogo header gradient\u00a0\u00bb show_bottom_space=\u00a0\u00bboff\u00a0\u00bb _builder_version=\u00a0\u00bb4.16&Prime; background_color=\u00a0\u00bbrgba(0,0,0,0)\u00a0\u00bb width=\u00a0\u00bb200px\u00a0\u00bb module_alignment=\u00a0\u00bbcenter\u00a0\u00bb global_colors_info=\u00a0\u00bb{}\u00a0\u00bb][\/et_pb_image][et_pb_text _builder_version=\u00a0\u00bb4.24.2&Prime; text_font=\u00a0\u00bb|300|||||||\u00a0\u00bb text_font_size=\u00a0\u00bb22px\u00a0\u00bb header_font=\u00a0\u00bb|||on|||||\u00a0\u00bb background_layout=\u00a0\u00bbdark\u00a0\u00bb custom_margin=\u00a0\u00bb||||false|false\u00a0\u00bb custom_padding=\u00a0\u00bb10px||||false|false\u00a0\u00bb text_text_shadow_style=\u00a0\u00bbpreset2&Prime; global_colors_info=\u00a0\u00bb{}\u00a0\u00bb]<\/p>\n<p style=\"text-align: center;\">Spectacle a\u00e9rien de Cold Lake<\/p>\n<p>[\/et_pb_text][et_pb_post_title meta=\u00a0\u00bboff\u00a0\u00bb featured_image=\u00a0\u00bboff\u00a0\u00bb text_color=\u00a0\u00bblight\u00a0\u00bb _builder_version=\u00a0\u00bb4.16&Prime; title_font=\u00a0\u00bb|700||on|||||\u00a0\u00bb title_text_align=\u00a0\u00bbcenter\u00a0\u00bb title_font_size=\u00a0\u00bb42px\u00a0\u00bb custom_margin=\u00a0\u00bb||||false|false\u00a0\u00bb custom_padding=\u00a0\u00bb||||false|false\u00a0\u00bb title_text_shadow_style=\u00a0\u00bbpreset2&Prime; global_colors_info=\u00a0\u00bb{}\u00a0\u00bb][\/et_pb_post_title][\/et_pb_column][\/et_pb_row][\/et_pb_section][et_pb_section fb_built=\u00a0\u00bb1&Prime; inner_shadow=\u00a0\u00bbon\u00a0\u00bb admin_label=\u00a0\u00bbTickets\u00a0\u00bb _builder_version=\u00a0\u00bb4.16&Prime; use_background_color_gradient=\u00a0\u00bbon\u00a0\u00bb background_color_gradient_stops=\u00a0\u00bbrgba(255,255,255,0.6) 0%|rgba(255,255,255,0.71) 100%\u00a0\u00bb background_color_gradient_overlays_image=\u00a0\u00bbon\u00a0\u00bb background_color_gradient_start=\u00a0\u00bbrgba(255,255,255,0.6)\u00a0\u00bb background_color_gradient_end=\u00a0\u00bbrgba(255,255,255,0.71)\u00a0\u00bb background_image=\u00a0\u00bbhttps:\/\/coldlakeairshow.com\/wp-content\/uploads\/2019\/08\/skybh.jpg\u00a0\u00bb custom_padding=\u00a0\u00bb40px||40px|||\u00a0\u00bb top_divider_flip=\u00a0\u00bbvertical\u00a0\u00bb collapsed=\u00a0\u00bboff\u00a0\u00bb global_colors_info=\u00a0\u00bb{}\u00a0\u00bb][et_pb_row make_equal=\u00a0\u00bbon\u00a0\u00bb _builder_version=\u00a0\u00bb4.16&Prime; width=\u00a0\u00bb56.6%\u00a0\u00bb module_alignment=\u00a0\u00bbcenter\u00a0\u00bb custom_padding=\u00a0\u00bb||||false|false\u00a0\u00bb global_colors_info=\u00a0\u00bb{}\u00a0\u00bb][et_pb_column type=\u00a0\u00bb4_4&Prime; _builder_version=\u00a0\u00bb4.16&Prime; global_colors_info=\u00a0\u00bb{}\u00a0\u00bb][et_pb_text _builder_version=\u00a0\u00bb4.27.4&Prime; width=\u00a0\u00bb100%\u00a0\u00bb hover_enabled=\u00a0\u00bb0&Prime; global_colors_info=\u00a0\u00bb{}\u00a0\u00bb sticky_enabled=\u00a0\u00bb0&Prime;]<\/p>\n<p><span>Il s\u2019agit l\u00e0 d\u2019une occasion unique de remercier vos clients, vos employ\u00e9s, vos fournisseurs, ainsi que les membres de votre famille et vos amis!<\/span><\/p>\n<h4><span style=\"color: #ff0000;\">Les forfaits chalet du samedi sont complets !<\/span><\/h4>\n<p><strong><\/strong><\/p>\n<p><strong>Chaque forfait d\u2019un chalet d\u2019entreprise comprend\u00a0:<\/strong><\/p>\n<ul>\n<li><span>Des places VIP dans une zone sous tente au c\u0153ur de l&rsquo;action !<\/span><\/li>\n<li><span>Un petit d\u00e9jeuner continental<\/span><\/li>\n<li><span>Un buffet \u00e0 l\u2019heure du lunch et une collation en apr\u00e8s-midi<\/span><\/li>\n<li>Bar gratuit<\/li>\n<li><span>Des h\u00f4tes<\/span><\/li>\n<li><span>Une terrasse<\/span><\/li>\n<li><span>Un laissez-passer de stationnement VIP<\/span><\/li>\n<\/ul>\n<p><strong>FORFAIT OR, 15 000 $ + TPS<\/strong><\/p>\n<ul>\n<li><span>60 personnes dans un\u00a0chalet VIP pendant une journ\u00e9e ou 30 personnes par jour dans une tente VIP commune<\/span><\/li>\n<li><span>60 programmes officiels du spectacle a\u00e9rien et 60 pi\u00e8ces comm\u00e9moratives du spectacle a\u00e9rien<\/span><\/li>\n<\/ul>\n<p><strong>FORFAIT ARGENT, 8500 $ + TPS<\/strong><\/p>\n<ul>\n<li><span>30 personnes dans un\u00a0chalet VIP commune pendant une journ\u00e9e ou 15 personnes par jour dans une tente VIP commune<\/span><\/li>\n<li><span>30 programmes officiels du spectacle a\u00e9rien et 30 pi\u00e8ces comm\u00e9moratives du spectacle a\u00e9rien<\/span><\/li>\n<\/ul>\n<p><strong>FORFAIT BRONZE, 4500 $ + TPS<\/strong><\/p>\n<ul>\n<li><span>15 personnes dans un\u00a0chalet VIP commune pendant une journ\u00e9e<\/span><\/li>\n<li><span>15 programmes officiels du spectacle a\u00e9rien et 15 pi\u00e8ces comm\u00e9moratives du spectacle a\u00e9rien<\/span><\/li>\n<\/ul>\n<p><strong>FORFAIT AMIS, 1950 $ + TPS<\/strong><\/p>\n<ul>\n<li><span>6 personnes dans un chalet VIP commune pendant une journ\u00e9e<\/span><\/li>\n<li><span>6 programmes officiels du spectacle a\u00e9rien et 6 pi\u00e8ces comm\u00e9moratives du spectacle a\u00e9rien<\/span><\/li>\n<\/ul>\n<p><em><strong>Pour acheter un chalet destin\u00e9 aux entreprises,\u00a0veuillez contacter notre groupe Opportunit\u00e9s d&rsquo;entreprise <a href=\"mailto:manager@couriernews.ca\">ici<\/a>.<\/strong><\/em><\/p>\n<p>&nbsp;<\/p>\n<p>[\/et_pb_text][\/et_pb_column][\/et_pb_row][\/et_pb_section]<\/p>\n","protected":false},"excerpt":{"rendered":"<p>Spectacle a\u00e9rien de Cold LakeIl s\u2019agit l\u00e0 d\u2019une occasion unique de remercier vos clients, vos employ\u00e9s, vos fournisseurs, ainsi que les membres de votre famille et vos amis! Les forfaits chalet du samedi sont complets ! Chaque forfait d\u2019un chalet d\u2019entreprise comprend\u00a0: Des places VIP dans une zone sous tente au c\u0153ur de l&rsquo;action ! [&hellip;]<\/p>\n","protected":false},"author":1,"featured_media":0,"parent":0,"menu_order":0,"comment_status":"closed","ping_status":"closed","template":"","meta":{"_et_pb_use_builder":"on","_et_pb_old_content":"","_et_gb_content_width":"","footnotes":""},"class_list":["post-1181","page","type-page","status-publish","hentry"],"yoast_head":"<!-- This site is optimized with the Yoast SEO plugin v27.3 - https:\/\/yoast.com\/product\/yoast-seo-wordpress\/ -->\n<title>Chalets Priv\u00e9e - Cold Lake Air Show<\/title>\n<meta name=\"robots\" content=\"index, follow, max-snippet:-1, max-image-preview:large, max-video-preview:-1\" \/>\n<link rel=\"canonical\" href=\"https:\/\/coldlakeairshow.com\/corporate-chalets\/\" \/>\n<meta property=\"og:locale\" content=\"fr_FR\" \/>\n<meta property=\"og:type\" content=\"article\" \/>\n<meta property=\"og:title\" content=\"Chalets Priv\u00e9e - Cold Lake Air Show\" \/>\n<meta property=\"og:description\" content=\"Spectacle a\u00e9rien de Cold LakeIl s\u2019agit l\u00e0 d\u2019une occasion unique de remercier vos clients, vos employ\u00e9s, vos fournisseurs, ainsi que les membres de votre famille et vos amis! Les forfaits chalet du samedi sont complets ! Chaque forfait d\u2019un chalet d\u2019entreprise comprend\u00a0: Des places VIP dans une zone sous tente au c\u0153ur de l&#039;action ! [&hellip;]\" \/>\n<meta property=\"og:url\" content=\"https:\/\/coldlakeairshow.com\/corporate-chalets\/\" \/>\n<meta property=\"og:site_name\" content=\"Cold Lake Air Show\" \/>\n<meta property=\"article:modified_time\" content=\"2026-04-07T21:18:05+00:00\" \/>\n<meta name=\"twitter:card\" content=\"summary_large_image\" \/>\n<meta name=\"twitter:label1\" content=\"Dur\u00e9e de lecture estim\u00e9e\" \/>\n\t<meta name=\"twitter:data1\" content=\"3 minutes\" \/>\n<script type=\"application\/ld+json\" class=\"yoast-schema-graph\">{\"@context\":\"https:\\\/\\\/schema.org\",\"@graph\":[{\"@type\":\"WebPage\",\"@id\":\"https:\\\/\\\/coldlakeairshow.com\\\/corporate-chalets\\\/\",\"url\":\"https:\\\/\\\/coldlakeairshow.com\\\/corporate-chalets\\\/\",\"name\":\"Chalets Priv\u00e9e - Cold Lake Air Show\",\"isPartOf\":{\"@id\":\"https:\\\/\\\/coldlakeairshow.com\\\/#website\"},\"datePublished\":\"2019-11-04T20:38:30+00:00\",\"dateModified\":\"2026-04-07T21:18:05+00:00\",\"breadcrumb\":{\"@id\":\"https:\\\/\\\/coldlakeairshow.com\\\/corporate-chalets\\\/#breadcrumb\"},\"inLanguage\":\"fr-FR\",\"potentialAction\":[{\"@type\":\"ReadAction\",\"target\":[\"https:\\\/\\\/coldlakeairshow.com\\\/corporate-chalets\\\/\"]}]},{\"@type\":\"BreadcrumbList\",\"@id\":\"https:\\\/\\\/coldlakeairshow.com\\\/corporate-chalets\\\/#breadcrumb\",\"itemListElement\":[{\"@type\":\"ListItem\",\"position\":1,\"name\":\"Home\",\"item\":\"https:\\\/\\\/coldlakeairshow.com\\\/\"},{\"@type\":\"ListItem\",\"position\":2,\"name\":\"Chalets Priv\u00e9e\"}]},{\"@type\":\"WebSite\",\"@id\":\"https:\\\/\\\/coldlakeairshow.com\\\/#website\",\"url\":\"https:\\\/\\\/coldlakeairshow.com\\\/\",\"name\":\"Cold Lake Air Show\",\"description\":\"18 &amp; 19 July 2026\",\"potentialAction\":[{\"@type\":\"SearchAction\",\"target\":{\"@type\":\"EntryPoint\",\"urlTemplate\":\"https:\\\/\\\/coldlakeairshow.com\\\/?s={search_term_string}\"},\"query-input\":{\"@type\":\"PropertyValueSpecification\",\"valueRequired\":true,\"valueName\":\"search_term_string\"}}],\"inLanguage\":\"fr-FR\"}]}<\/script>\n<!-- \/ Yoast SEO plugin. -->","yoast_head_json":{"title":"Chalets Priv\u00e9e - Cold Lake Air Show","robots":{"index":"index","follow":"follow","max-snippet":"max-snippet:-1","max-image-preview":"max-image-preview:large","max-video-preview":"max-video-preview:-1"},"canonical":"https:\/\/coldlakeairshow.com\/corporate-chalets\/","og_locale":"fr_FR","og_type":"article","og_title":"Chalets Priv\u00e9e - Cold Lake Air Show","og_description":"Spectacle a\u00e9rien de Cold LakeIl s\u2019agit l\u00e0 d\u2019une occasion unique de remercier vos clients, vos employ\u00e9s, vos fournisseurs, ainsi que les membres de votre famille et vos amis! Les forfaits chalet du samedi sont complets ! Chaque forfait d\u2019un chalet d\u2019entreprise comprend\u00a0: Des places VIP dans une zone sous tente au c\u0153ur de l'action ! [&hellip;]","og_url":"https:\/\/coldlakeairshow.com\/corporate-chalets\/","og_site_name":"Cold Lake Air Show","article_modified_time":"2026-04-07T21:18:05+00:00","twitter_card":"summary_large_image","twitter_misc":{"Dur\u00e9e de lecture estim\u00e9e":"3 minutes"},"schema":{"@context":"https:\/\/schema.org","@graph":[{"@type":"WebPage","@id":"https:\/\/coldlakeairshow.com\/corporate-chalets\/","url":"https:\/\/coldlakeairshow.com\/corporate-chalets\/","name":"Chalets Priv\u00e9e - Cold Lake Air Show","isPartOf":{"@id":"https:\/\/coldlakeairshow.com\/#website"},"datePublished":"2019-11-04T20:38:30+00:00","dateModified":"2026-04-07T21:18:05+00:00","breadcrumb":{"@id":"https:\/\/coldlakeairshow.com\/corporate-chalets\/#breadcrumb"},"inLanguage":"fr-FR","potentialAction":[{"@type":"ReadAction","target":["https:\/\/coldlakeairshow.com\/corporate-chalets\/"]}]},{"@type":"BreadcrumbList","@id":"https:\/\/coldlakeairshow.com\/corporate-chalets\/#breadcrumb","itemListElement":[{"@type":"ListItem","position":1,"name":"Home","item":"https:\/\/coldlakeairshow.com\/"},{"@type":"ListItem","position":2,"name":"Chalets Priv\u00e9e"}]},{"@type":"WebSite","@id":"https:\/\/coldlakeairshow.com\/#website","url":"https:\/\/coldlakeairshow.com\/","name":"Cold Lake Air Show","description":"18 &amp; 19 July 2026","potentialAction":[{"@type":"SearchAction","target":{"@type":"EntryPoint","urlTemplate":"https:\/\/coldlakeairshow.com\/?s={search_term_string}"},"query-input":{"@type":"PropertyValueSpecification","valueRequired":true,"valueName":"search_term_string"}}],"inLanguage":"fr-FR"}]}},"_links":{"self":[{"href":"https:\/\/coldlakeairshow.com\/fr\/wp-json\/wp\/v2\/pages\/1181","targetHints":{"allow":["GET"]}}],"collection":[{"href":"https:\/\/coldlakeairshow.com\/fr\/wp-json\/wp\/v2\/pages"}],"about":[{"href":"https:\/\/coldlakeairshow.com\/fr\/wp-json\/wp\/v2\/types\/page"}],"author":[{"embeddable":true,"href":"https:\/\/coldlakeairshow.com\/fr\/wp-json\/wp\/v2\/users\/1"}],"replies":[{"embeddable":true,"href":"https:\/\/coldlakeairshow.com\/fr\/wp-json\/wp\/v2\/comments?post=1181"}],"version-history":[{"count":18,"href":"https:\/\/coldlakeairshow.com\/fr\/wp-json\/wp\/v2\/pages\/1181\/revisions"}],"predecessor-version":[{"id":5930,"href":"https:\/\/coldlakeairshow.com\/fr\/wp-json\/wp\/v2\/pages\/1181\/revisions\/5930"}],"wp:attachment":[{"href":"https:\/\/coldlakeairshow.com\/fr\/wp-json\/wp\/v2\/media?parent=1181"}],"curies":[{"name":"wp","href":"https:\/\/api.w.org\/{rel}","templated":true}]}}