{"id":1167,"date":"2019-11-04T20:25:34","date_gmt":"2019-11-04T20:25:34","guid":{"rendered":"http:\/\/coldlakeairshow.com\/?page_id=1167"},"modified":"2025-11-14T14:58:45","modified_gmt":"2025-11-14T21:58:45","slug":"souvenir","status":"publish","type":"page","link":"https:\/\/coldlakeairshow.com\/fr\/souvenir\/","title":{"rendered":"Souvenir"},"content":{"rendered":"<p>[et_pb_section fb_built=\u00a0\u00bb1&Prime; admin_label=\u00a0\u00bbHeader\u00a0\u00bb _builder_version=\u00a0\u00bb4.16&Prime; use_background_color_gradient=\u00a0\u00bbon\u00a0\u00bb background_color_gradient_type=\u00a0\u00bbcircular\u00a0\u00bb background_color_gradient_stops=\u00a0\u00bbrgba(15,15,15,0.4) 0%|#353535 100%\u00a0\u00bb background_color_gradient_overlays_image=\u00a0\u00bbon\u00a0\u00bb background_color_gradient_start=\u00a0\u00bbrgba(15,15,15,0.4)\u00a0\u00bb background_color_gradient_end=\u00a0\u00bb#353535&Prime; background_image=\u00a0\u00bbhttps:\/\/coldlakeairshow.com\/wp-content\/uploads\/2019\/11\/4-h-Souvenirs-Page-v3.jpg\u00a0\u00bb custom_padding=\u00a0\u00bb100px||100px||true|false\u00a0\u00bb filter_brightness=\u00a0\u00bb110%\u00a0\u00bb filter_contrast=\u00a0\u00bb135%\u00a0\u00bb bottom_divider_arrangement=\u00a0\u00bbabove_content\u00a0\u00bb collapsed=\u00a0\u00bboff\u00a0\u00bb global_colors_info=\u00a0\u00bb{}\u00a0\u00bb][et_pb_row _builder_version=\u00a0\u00bb4.16&Prime; global_colors_info=\u00a0\u00bb{}\u00a0\u00bb][et_pb_column type=\u00a0\u00bb4_4&Prime; _builder_version=\u00a0\u00bb4.16&Prime; global_colors_info=\u00a0\u00bb{}\u00a0\u00bb][et_pb_image src=\u00a0\u00bbhttps:\/\/coldlakeairshow.com\/wp-content\/uploads\/2021\/11\/Logo-header-gradient-e1637176986836.png\u00a0\u00bb title_text=\u00a0\u00bbLogo header gradient\u00a0\u00bb show_bottom_space=\u00a0\u00bboff\u00a0\u00bb _builder_version=\u00a0\u00bb4.16&Prime; background_color=\u00a0\u00bbrgba(0,0,0,0)\u00a0\u00bb width=\u00a0\u00bb200px\u00a0\u00bb module_alignment=\u00a0\u00bbcenter\u00a0\u00bb global_colors_info=\u00a0\u00bb{}\u00a0\u00bb][\/et_pb_image][et_pb_text _builder_version=\u00a0\u00bb4.24.2&Prime; text_font=\u00a0\u00bb|300|||||||\u00a0\u00bb text_font_size=\u00a0\u00bb22px\u00a0\u00bb header_font=\u00a0\u00bb|||on|||||\u00a0\u00bb background_layout=\u00a0\u00bbdark\u00a0\u00bb custom_margin=\u00a0\u00bb||||false|false\u00a0\u00bb custom_padding=\u00a0\u00bb10px||||false|false\u00a0\u00bb text_text_shadow_style=\u00a0\u00bbpreset2&Prime; global_colors_info=\u00a0\u00bb{}\u00a0\u00bb]<\/p>\n<p style=\"text-align: center;\">Spectacle a\u00e9rien de Cold Lake<\/p>\n<p>[\/et_pb_text][et_pb_post_title meta=\u00a0\u00bboff\u00a0\u00bb featured_image=\u00a0\u00bboff\u00a0\u00bb text_color=\u00a0\u00bblight\u00a0\u00bb _builder_version=\u00a0\u00bb4.16&Prime; title_font=\u00a0\u00bb|700||on|||||\u00a0\u00bb title_text_align=\u00a0\u00bbcenter\u00a0\u00bb title_font_size=\u00a0\u00bb42px\u00a0\u00bb custom_margin=\u00a0\u00bb||||false|false\u00a0\u00bb custom_padding=\u00a0\u00bb||||false|false\u00a0\u00bb title_text_shadow_style=\u00a0\u00bbpreset2&Prime; global_colors_info=\u00a0\u00bb{}\u00a0\u00bb][\/et_pb_post_title][\/et_pb_column][\/et_pb_row][\/et_pb_section][et_pb_section fb_built=\u00a0\u00bb1&Prime; inner_shadow=\u00a0\u00bbon\u00a0\u00bb admin_label=\u00a0\u00bbTickets\u00a0\u00bb _builder_version=\u00a0\u00bb4.16&Prime; use_background_color_gradient=\u00a0\u00bbon\u00a0\u00bb background_color_gradient_stops=\u00a0\u00bbrgba(255,255,255,0.6) 0%|rgba(255,255,255,0.71) 100%\u00a0\u00bb background_color_gradient_overlays_image=\u00a0\u00bbon\u00a0\u00bb background_color_gradient_start=\u00a0\u00bbrgba(255,255,255,0.6)\u00a0\u00bb background_color_gradient_end=\u00a0\u00bbrgba(255,255,255,0.71)\u00a0\u00bb background_image=\u00a0\u00bbhttps:\/\/coldlakeairshow.com\/wp-content\/uploads\/2019\/08\/skybh.jpg\u00a0\u00bb custom_padding=\u00a0\u00bb40px||40px|||\u00a0\u00bb top_divider_flip=\u00a0\u00bbvertical\u00a0\u00bb collapsed=\u00a0\u00bboff\u00a0\u00bb global_colors_info=\u00a0\u00bb{}\u00a0\u00bb][et_pb_row make_equal=\u00a0\u00bbon\u00a0\u00bb _builder_version=\u00a0\u00bb4.16&Prime; width=\u00a0\u00bb56.6%\u00a0\u00bb custom_padding=\u00a0\u00bb||||false|false\u00a0\u00bb global_colors_info=\u00a0\u00bb{}\u00a0\u00bb][et_pb_column type=\u00a0\u00bb4_4&Prime; _builder_version=\u00a0\u00bb4.16&Prime; global_colors_info=\u00a0\u00bb{}\u00a0\u00bb][et_pb_text _builder_version=\u00a0\u00bb4.16&Prime; header_text_align=\u00a0\u00bbleft\u00a0\u00bb header_2_text_align=\u00a0\u00bbleft\u00a0\u00bb header_2_font_size=\u00a0\u00bb24px\u00a0\u00bb header_2_line_height=\u00a0\u00bb1.5em\u00a0\u00bb text_text_align=\u00a0\u00bbcenter\u00a0\u00bb global_colors_info=\u00a0\u00bb{}\u00a0\u00bb]<\/p>\n<p>Une grande vari\u00e9t\u00e9 d\u2019articles souvenirs sera en vente lors du Spectacle a\u00e9rien de Cold Lake. Vous pourrez donc rapporter un souvenir de cet \u00e9v\u00e9nement incroyable avec vous. Vous trouverez des produits d\u00e9riv\u00e9s du Spectacle a\u00e9rien de Cold Lake, des articles de l\u2019ARC, des produits d\u00e9riv\u00e9s des Snowbirds, des animaux en peluche, des jouets et plus encore.<\/p>\n<p>[\/et_pb_text][\/et_pb_column][\/et_pb_row][et_pb_row _builder_version=\u00a0\u00bb4.16&Prime; _module_preset=\u00a0\u00bbdefault\u00a0\u00bb global_colors_info=\u00a0\u00bb{}\u00a0\u00bb][et_pb_column type=\u00a0\u00bb4_4&Prime; _builder_version=\u00a0\u00bb4.16&Prime; _module_preset=\u00a0\u00bbdefault\u00a0\u00bb global_colors_info=\u00a0\u00bb{}\u00a0\u00bb][et_pb_text _builder_version=\u00a0\u00bb4.27.4&Prime; _module_preset=\u00a0\u00bbdefault\u00a0\u00bb hover_enabled=\u00a0\u00bb0&Prime; global_colors_info=\u00a0\u00bb{}\u00a0\u00bb sticky_enabled=\u00a0\u00bb0&Prime;]<\/p>\n<h2 style=\"text-align: center;\">Voici un \u00e9chantillon de ce qui \u00e9tait disponible lors de l&rsquo;\u00e9dition 2024 du spectacle a\u00e9rien de Cold Lake :<\/h2>\n<h6 style=\"text-align: center;\">(la marchandise de 2026 n&rsquo;est pas encore disponible)<\/h6>\n<p>[\/et_pb_text][\/et_pb_column][\/et_pb_row][et_pb_row column_structure=\u00a0\u00bb1_3,1_3,1_3&Prime; _builder_version=\u00a0\u00bb4.16&Prime; global_colors_info=\u00a0\u00bb{}\u00a0\u00bb][et_pb_column type=\u00a0\u00bb1_3&Prime; _builder_version=\u00a0\u00bb4.16&Prime; global_colors_info=\u00a0\u00bb{}\u00a0\u00bb][et_pb_image src=\u00a0\u00bbhttps:\/\/coldlakeairshow.com\/wp-content\/uploads\/2025\/11\/IMG_2317-scaled.jpg\u00a0\u00bb title_text=\u00a0\u00bbIMG_2317&Prime; align=\u00a0\u00bbcenter\u00a0\u00bb _builder_version=\u00a0\u00bb4.27.4&Prime; hover_enabled=\u00a0\u00bb0&Prime; border_radii=\u00a0\u00bbon|15px|15px|15px|15px\u00a0\u00bb border_width_all=\u00a0\u00bb10px\u00a0\u00bb border_color_all=\u00a0\u00bb#ffffff\u00a0\u00bb global_colors_info=\u00a0\u00bb{}\u00a0\u00bb sticky_enabled=\u00a0\u00bb0&Prime;][\/et_pb_image][et_pb_text _builder_version=\u00a0\u00bb4.27.4&Prime; hover_enabled=\u00a0\u00bb0&Prime; global_colors_info=\u00a0\u00bb{}\u00a0\u00bb sticky_enabled=\u00a0\u00bb0&Prime;]<\/p>\n<p style=\"text-align: center;\"><strong>Casquette du spectacle a\u00e9rien de Cold Lake<br \/><\/strong><\/p>\n<p>[\/et_pb_text][\/et_pb_column][et_pb_column type=\u00a0\u00bb1_3&Prime; _builder_version=\u00a0\u00bb4.16&Prime; global_colors_info=\u00a0\u00bb{}\u00a0\u00bb][et_pb_image src=\u00a0\u00bbhttps:\/\/coldlakeairshow.com\/wp-content\/uploads\/2025\/11\/Patch-Promo-Image.png\u00a0\u00bb title_text=\u00a0\u00bbPatch Promo Image\u00a0\u00bb align=\u00a0\u00bbcenter\u00a0\u00bb _builder_version=\u00a0\u00bb4.27.4&Prime; hover_enabled=\u00a0\u00bb0&Prime; border_radii=\u00a0\u00bbon|15px|15px|15px|15px\u00a0\u00bb border_width_all=\u00a0\u00bb10px\u00a0\u00bb border_color_all=\u00a0\u00bb#ffffff\u00a0\u00bb global_colors_info=\u00a0\u00bb{}\u00a0\u00bb sticky_enabled=\u00a0\u00bb0&Prime;][\/et_pb_image][et_pb_text _builder_version=\u00a0\u00bb4.27.4&Prime; hover_enabled=\u00a0\u00bb0&Prime; global_colors_info=\u00a0\u00bb{}\u00a0\u00bb sticky_enabled=\u00a0\u00bb0&Prime;]<\/p>\n<p style=\"text-align: center;\"><strong>Badge du spectacle a\u00e9rien de Cold Lake<\/strong><\/p>\n<p>[\/et_pb_text][\/et_pb_column][et_pb_column type=\u00a0\u00bb1_3&Prime; _builder_version=\u00a0\u00bb4.16&Prime; global_colors_info=\u00a0\u00bb{}\u00a0\u00bb][et_pb_image src=\u00a0\u00bbhttps:\/\/coldlakeairshow.com\/wp-content\/uploads\/2025\/11\/Coin-Promo-Image.png\u00a0\u00bb title_text=\u00a0\u00bbCoin Promo Image\u00a0\u00bb align=\u00a0\u00bbcenter\u00a0\u00bb _builder_version=\u00a0\u00bb4.27.4&Prime; hover_enabled=\u00a0\u00bb0&Prime; border_radii=\u00a0\u00bbon|15px|15px|15px|15px\u00a0\u00bb border_width_all=\u00a0\u00bb10px\u00a0\u00bb border_color_all=\u00a0\u00bb#ffffff\u00a0\u00bb global_colors_info=\u00a0\u00bb{}\u00a0\u00bb sticky_enabled=\u00a0\u00bb0&Prime;][\/et_pb_image][et_pb_text _builder_version=\u00a0\u00bb4.27.4&Prime; hover_enabled=\u00a0\u00bb0&Prime; global_colors_info=\u00a0\u00bb{}\u00a0\u00bb sticky_enabled=\u00a0\u00bb0&Prime;]<\/p>\n<p style=\"text-align: center;\"><strong>Pi\u00e8ce comm\u00e9morative du spectacle a\u00e9rien de Cold Lake<\/strong><\/p>\n<p>[\/et_pb_text][\/et_pb_column][\/et_pb_row][\/et_pb_section]<\/p>\n","protected":false},"excerpt":{"rendered":"<p>Spectacle a\u00e9rien de Cold LakeUne grande vari\u00e9t\u00e9 d\u2019articles souvenirs sera en vente lors du Spectacle a\u00e9rien de Cold Lake. Vous pourrez donc rapporter un souvenir de cet \u00e9v\u00e9nement incroyable avec vous. Vous trouverez des produits d\u00e9riv\u00e9s du Spectacle a\u00e9rien de Cold Lake, des articles de l\u2019ARC, des produits d\u00e9riv\u00e9s des Snowbirds, des animaux en peluche, [&hellip;]<\/p>\n","protected":false},"author":1,"featured_media":0,"parent":0,"menu_order":0,"comment_status":"closed","ping_status":"closed","template":"","meta":{"_et_pb_use_builder":"on","_et_pb_old_content":"","_et_gb_content_width":"","footnotes":""},"class_list":["post-1167","page","type-page","status-publish","hentry"],"yoast_head":"<!-- This site is optimized with the Yoast SEO plugin v26.9 - https:\/\/yoast.com\/product\/yoast-seo-wordpress\/ -->\n<title>Souvenir - Cold Lake Air Show<\/title>\n<meta name=\"robots\" content=\"index, follow, max-snippet:-1, max-image-preview:large, max-video-preview:-1\" \/>\n<link rel=\"canonical\" href=\"https:\/\/coldlakeairshow.com\/souvenirs\/\" \/>\n<meta property=\"og:locale\" content=\"fr_FR\" \/>\n<meta property=\"og:type\" content=\"article\" \/>\n<meta property=\"og:title\" content=\"Souvenir - Cold Lake Air Show\" \/>\n<meta property=\"og:description\" content=\"Spectacle a\u00e9rien de Cold LakeUne grande vari\u00e9t\u00e9 d\u2019articles souvenirs sera en vente lors du Spectacle a\u00e9rien de Cold Lake. Vous pourrez donc rapporter un souvenir de cet \u00e9v\u00e9nement incroyable avec vous. Vous trouverez des produits d\u00e9riv\u00e9s du Spectacle a\u00e9rien de Cold Lake, des articles de l\u2019ARC, des produits d\u00e9riv\u00e9s des Snowbirds, des animaux en peluche, [&hellip;]\" \/>\n<meta property=\"og:url\" content=\"https:\/\/coldlakeairshow.com\/souvenirs\/\" \/>\n<meta property=\"og:site_name\" content=\"Cold Lake Air Show\" \/>\n<meta property=\"article:modified_time\" content=\"2025-11-14T21:58:45+00:00\" \/>\n<meta name=\"twitter:card\" content=\"summary_large_image\" \/>\n<meta name=\"twitter:label1\" content=\"Dur\u00e9e de lecture estim\u00e9e\" \/>\n\t<meta name=\"twitter:data1\" content=\"2 minutes\" \/>\n<script type=\"application\/ld+json\" class=\"yoast-schema-graph\">{\"@context\":\"https:\/\/schema.org\",\"@graph\":[{\"@type\":\"WebPage\",\"@id\":\"https:\/\/coldlakeairshow.com\/souvenirs\/\",\"url\":\"https:\/\/coldlakeairshow.com\/souvenirs\/\",\"name\":\"Souvenir - Cold Lake Air Show\",\"isPartOf\":{\"@id\":\"https:\/\/coldlakeairshow.com\/#website\"},\"datePublished\":\"2019-11-04T20:25:34+00:00\",\"dateModified\":\"2025-11-14T21:58:45+00:00\",\"breadcrumb\":{\"@id\":\"https:\/\/coldlakeairshow.com\/souvenirs\/#breadcrumb\"},\"inLanguage\":\"fr-FR\",\"potentialAction\":[{\"@type\":\"ReadAction\",\"target\":[\"https:\/\/coldlakeairshow.com\/souvenirs\/\"]}]},{\"@type\":\"BreadcrumbList\",\"@id\":\"https:\/\/coldlakeairshow.com\/souvenirs\/#breadcrumb\",\"itemListElement\":[{\"@type\":\"ListItem\",\"position\":1,\"name\":\"Home\",\"item\":\"https:\/\/coldlakeairshow.com\/\"},{\"@type\":\"ListItem\",\"position\":2,\"name\":\"Souvenir\"}]},{\"@type\":\"WebSite\",\"@id\":\"https:\/\/coldlakeairshow.com\/#website\",\"url\":\"https:\/\/coldlakeairshow.com\/\",\"name\":\"Cold Lake Air Show\",\"description\":\"18 &amp; 19 July 2026\",\"potentialAction\":[{\"@type\":\"SearchAction\",\"target\":{\"@type\":\"EntryPoint\",\"urlTemplate\":\"https:\/\/coldlakeairshow.com\/?s={search_term_string}\"},\"query-input\":{\"@type\":\"PropertyValueSpecification\",\"valueRequired\":true,\"valueName\":\"search_term_string\"}}],\"inLanguage\":\"fr-FR\"}]}<\/script>\n<!-- \/ Yoast SEO plugin. -->","yoast_head_json":{"title":"Souvenir - Cold Lake Air Show","robots":{"index":"index","follow":"follow","max-snippet":"max-snippet:-1","max-image-preview":"max-image-preview:large","max-video-preview":"max-video-preview:-1"},"canonical":"https:\/\/coldlakeairshow.com\/souvenirs\/","og_locale":"fr_FR","og_type":"article","og_title":"Souvenir - Cold Lake Air Show","og_description":"Spectacle a\u00e9rien de Cold LakeUne grande vari\u00e9t\u00e9 d\u2019articles souvenirs sera en vente lors du Spectacle a\u00e9rien de Cold Lake. Vous pourrez donc rapporter un souvenir de cet \u00e9v\u00e9nement incroyable avec vous. Vous trouverez des produits d\u00e9riv\u00e9s du Spectacle a\u00e9rien de Cold Lake, des articles de l\u2019ARC, des produits d\u00e9riv\u00e9s des Snowbirds, des animaux en peluche, [&hellip;]","og_url":"https:\/\/coldlakeairshow.com\/souvenirs\/","og_site_name":"Cold Lake Air Show","article_modified_time":"2025-11-14T21:58:45+00:00","twitter_card":"summary_large_image","twitter_misc":{"Dur\u00e9e de lecture estim\u00e9e":"2 minutes"},"schema":{"@context":"https:\/\/schema.org","@graph":[{"@type":"WebPage","@id":"https:\/\/coldlakeairshow.com\/souvenirs\/","url":"https:\/\/coldlakeairshow.com\/souvenirs\/","name":"Souvenir - Cold Lake Air Show","isPartOf":{"@id":"https:\/\/coldlakeairshow.com\/#website"},"datePublished":"2019-11-04T20:25:34+00:00","dateModified":"2025-11-14T21:58:45+00:00","breadcrumb":{"@id":"https:\/\/coldlakeairshow.com\/souvenirs\/#breadcrumb"},"inLanguage":"fr-FR","potentialAction":[{"@type":"ReadAction","target":["https:\/\/coldlakeairshow.com\/souvenirs\/"]}]},{"@type":"BreadcrumbList","@id":"https:\/\/coldlakeairshow.com\/souvenirs\/#breadcrumb","itemListElement":[{"@type":"ListItem","position":1,"name":"Home","item":"https:\/\/coldlakeairshow.com\/"},{"@type":"ListItem","position":2,"name":"Souvenir"}]},{"@type":"WebSite","@id":"https:\/\/coldlakeairshow.com\/#website","url":"https:\/\/coldlakeairshow.com\/","name":"Cold Lake Air Show","description":"18 &amp; 19 July 2026","potentialAction":[{"@type":"SearchAction","target":{"@type":"EntryPoint","urlTemplate":"https:\/\/coldlakeairshow.com\/?s={search_term_string}"},"query-input":{"@type":"PropertyValueSpecification","valueRequired":true,"valueName":"search_term_string"}}],"inLanguage":"fr-FR"}]}},"_links":{"self":[{"href":"https:\/\/coldlakeairshow.com\/fr\/wp-json\/wp\/v2\/pages\/1167","targetHints":{"allow":["GET"]}}],"collection":[{"href":"https:\/\/coldlakeairshow.com\/fr\/wp-json\/wp\/v2\/pages"}],"about":[{"href":"https:\/\/coldlakeairshow.com\/fr\/wp-json\/wp\/v2\/types\/page"}],"author":[{"embeddable":true,"href":"https:\/\/coldlakeairshow.com\/fr\/wp-json\/wp\/v2\/users\/1"}],"replies":[{"embeddable":true,"href":"https:\/\/coldlakeairshow.com\/fr\/wp-json\/wp\/v2\/comments?post=1167"}],"version-history":[{"count":16,"href":"https:\/\/coldlakeairshow.com\/fr\/wp-json\/wp\/v2\/pages\/1167\/revisions"}],"predecessor-version":[{"id":5396,"href":"https:\/\/coldlakeairshow.com\/fr\/wp-json\/wp\/v2\/pages\/1167\/revisions\/5396"}],"wp:attachment":[{"href":"https:\/\/coldlakeairshow.com\/fr\/wp-json\/wp\/v2\/media?parent=1167"}],"curies":[{"name":"wp","href":"https:\/\/api.w.org\/{rel}","templated":true}]}}