{"id":1123,"date":"2019-11-04T19:07:48","date_gmt":"2019-11-04T19:07:48","guid":{"rendered":"http:\/\/coldlakeairshow.com\/?page_id=1123"},"modified":"2026-03-23T08:47:15","modified_gmt":"2026-03-23T14:47:15","slug":"hebergement","status":"publish","type":"page","link":"https:\/\/coldlakeairshow.com\/fr\/hebergement\/","title":{"rendered":"H\u00e9bergement"},"content":{"rendered":"<p>[et_pb_section fb_built=\u00a0\u00bb1&Prime; admin_label=\u00a0\u00bbHeader\u00a0\u00bb _builder_version=\u00a0\u00bb4.16&Prime; use_background_color_gradient=\u00a0\u00bbon\u00a0\u00bb background_color_gradient_type=\u00a0\u00bbcircular\u00a0\u00bb background_color_gradient_stops=\u00a0\u00bbrgba(15,15,15,0.4) 0%|#353535 100%\u00a0\u00bb background_color_gradient_overlays_image=\u00a0\u00bbon\u00a0\u00bb background_color_gradient_start=\u00a0\u00bbrgba(15,15,15,0.4)\u00a0\u00bb background_color_gradient_end=\u00a0\u00bb#353535&Prime; background_image=\u00a0\u00bbhttps:\/\/coldlakeairshow.com\/wp-content\/uploads\/2019\/11\/3-d-Accommodations-Page.jpeg\u00a0\u00bb custom_padding=\u00a0\u00bb100px||100px||true|false\u00a0\u00bb filter_brightness=\u00a0\u00bb110%\u00a0\u00bb filter_contrast=\u00a0\u00bb135%\u00a0\u00bb bottom_divider_arrangement=\u00a0\u00bbabove_content\u00a0\u00bb collapsed=\u00a0\u00bboff\u00a0\u00bb global_colors_info=\u00a0\u00bb{}\u00a0\u00bb][et_pb_row _builder_version=\u00a0\u00bb4.16&Prime; global_colors_info=\u00a0\u00bb{}\u00a0\u00bb][et_pb_column type=\u00a0\u00bb4_4&Prime; _builder_version=\u00a0\u00bb4.16&Prime; global_colors_info=\u00a0\u00bb{}\u00a0\u00bb][et_pb_image src=\u00a0\u00bbhttps:\/\/coldlakeairshow.com\/wp-content\/uploads\/2021\/11\/Logo-header-gradient-e1637176986836.png\u00a0\u00bb title_text=\u00a0\u00bbLogo header gradient\u00a0\u00bb show_bottom_space=\u00a0\u00bboff\u00a0\u00bb _builder_version=\u00a0\u00bb4.16&Prime; background_color=\u00a0\u00bbrgba(0,0,0,0)\u00a0\u00bb width=\u00a0\u00bb200px\u00a0\u00bb module_alignment=\u00a0\u00bbcenter\u00a0\u00bb global_colors_info=\u00a0\u00bb{}\u00a0\u00bb][\/et_pb_image][et_pb_text _builder_version=\u00a0\u00bb4.24.2&Prime; text_font=\u00a0\u00bb|300|||||||\u00a0\u00bb text_font_size=\u00a0\u00bb22px\u00a0\u00bb header_font=\u00a0\u00bb|||on|||||\u00a0\u00bb background_layout=\u00a0\u00bbdark\u00a0\u00bb custom_margin=\u00a0\u00bb||||false|false\u00a0\u00bb custom_padding=\u00a0\u00bb10px||||false|false\u00a0\u00bb text_text_shadow_style=\u00a0\u00bbpreset2&Prime; global_colors_info=\u00a0\u00bb{}\u00a0\u00bb]<\/p>\n<p style=\"text-align: center;\">Spectacle a\u00e9rien de Cold Lake<\/p>\n<p>[\/et_pb_text][et_pb_post_title meta=\u00a0\u00bboff\u00a0\u00bb featured_image=\u00a0\u00bboff\u00a0\u00bb text_color=\u00a0\u00bblight\u00a0\u00bb _builder_version=\u00a0\u00bb4.16&Prime; title_font=\u00a0\u00bb|700||on|||||\u00a0\u00bb title_text_align=\u00a0\u00bbcenter\u00a0\u00bb title_font_size=\u00a0\u00bb42px\u00a0\u00bb custom_margin=\u00a0\u00bb||||false|false\u00a0\u00bb custom_padding=\u00a0\u00bb||||false|false\u00a0\u00bb title_text_shadow_style=\u00a0\u00bbpreset2&Prime; global_colors_info=\u00a0\u00bb{}\u00a0\u00bb][\/et_pb_post_title][\/et_pb_column][\/et_pb_row][\/et_pb_section][et_pb_section fb_built=\u00a0\u00bb1&Prime; inner_shadow=\u00a0\u00bbon\u00a0\u00bb admin_label=\u00a0\u00bbTickets\u00a0\u00bb _builder_version=\u00a0\u00bb4.16&Prime; use_background_color_gradient=\u00a0\u00bbon\u00a0\u00bb background_color_gradient_stops=\u00a0\u00bbrgba(255,255,255,0.6) 0%|rgba(255,255,255,0.71) 100%\u00a0\u00bb background_color_gradient_overlays_image=\u00a0\u00bbon\u00a0\u00bb background_color_gradient_start=\u00a0\u00bbrgba(255,255,255,0.6)\u00a0\u00bb background_color_gradient_end=\u00a0\u00bbrgba(255,255,255,0.71)\u00a0\u00bb background_image=\u00a0\u00bbhttps:\/\/coldlakeairshow.com\/wp-content\/uploads\/2019\/08\/skybh.jpg\u00a0\u00bb custom_padding=\u00a0\u00bb40px||40px|||\u00a0\u00bb top_divider_flip=\u00a0\u00bbvertical\u00a0\u00bb collapsed=\u00a0\u00bboff\u00a0\u00bb global_colors_info=\u00a0\u00bb{}\u00a0\u00bb][et_pb_row column_structure=\u00a0\u00bb3_5,2_5&Prime; make_equal=\u00a0\u00bbon\u00a0\u00bb _builder_version=\u00a0\u00bb4.16&Prime; module_alignment=\u00a0\u00bbcenter\u00a0\u00bb custom_padding=\u00a0\u00bb||||false|false\u00a0\u00bb global_colors_info=\u00a0\u00bb{}\u00a0\u00bb][et_pb_column type=\u00a0\u00bb3_5&Prime; _builder_version=\u00a0\u00bb4.16&Prime; global_colors_info=\u00a0\u00bb{}\u00a0\u00bb][et_pb_text _builder_version=\u00a0\u00bb4.16&Prime; header_2_text_align=\u00a0\u00bbleft\u00a0\u00bb header_2_font_size=\u00a0\u00bb24px\u00a0\u00bb header_2_line_height=\u00a0\u00bb1.5em\u00a0\u00bb text_text_align=\u00a0\u00bbcenter\u00a0\u00bb global_colors_info=\u00a0\u00bb{}\u00a0\u00bb]<\/p>\n<h2>Possibilit\u00e9s d\u2019h\u00e9bergement \u00e0 Cold Lake et dans l\u2019arrondissement municipal de Bonnyville :<\/h2>\n<p>[\/et_pb_text][et_pb_text admin_label=\u00a0\u00bbThe City of Cold Lake\/MD of Bonnyville offers\u00a0\u00bb _builder_version=\u00a0\u00bb4.16&Prime; text_font=\u00a0\u00bb|300|||||||\u00a0\u00bb text_text_color=\u00a0\u00bb#000000&Prime; text_font_size=\u00a0\u00bb16px\u00a0\u00bb global_colors_info=\u00a0\u00bb{}\u00a0\u00bb]<\/p>\n<p>La ville de Cold Lake et l\u2019arrondissement municipal de Bonnyville offrent plusieurs possibilit\u00e9s d\u2019h\u00e9bergement. Veuillez <a href=\"https:\/\/www.md.bonnyville.ab.ca\/231\/Places-to-Stay\" target=\"_blank\" rel=\"noopener\">cliquer sur le lien<\/a> pour plus d&rsquo;informations.<\/p>\n<p>[\/et_pb_text][et_pb_text _builder_version=\u00a0\u00bb4.16&Prime; header_2_text_align=\u00a0\u00bbleft\u00a0\u00bb header_2_font_size=\u00a0\u00bb24px\u00a0\u00bb header_2_line_height=\u00a0\u00bb1.5em\u00a0\u00bb text_text_align=\u00a0\u00bbcenter\u00a0\u00bb global_colors_info=\u00a0\u00bb{}\u00a0\u00bb]<\/p>\n<h2>Possibilit\u00e9s de camping \u00e0 la 4e Escadre :<\/h2>\n<p>[\/et_pb_text][et_pb_text admin_label=\u00a0\u00bbOption 1&Prime; _builder_version=\u00a0\u00bb4.27.4&Prime; text_font=\u00a0\u00bb|300|||||||\u00a0\u00bb text_text_color=\u00a0\u00bb#000000&Prime; text_font_size=\u00a0\u00bb16px\u00a0\u00bb hover_enabled=\u00a0\u00bb0&Prime; global_colors_info=\u00a0\u00bb{}\u00a0\u00bb sticky_enabled=\u00a0\u00bb0&Prime;]<\/p>\n<p><strong>Possibilit\u00e9 no1<\/strong><br \/>Un espace de camping pour camping-cars sera mis \u00e0 la disposition des visiteurs du salon a\u00e9ronautique. Tous les camping-cars doivent \u00eatre autonomes, car aucun raccordement \u00e0 l&rsquo;\u00e9lectricit\u00e9 ni \u00e0 l&rsquo;eau n&rsquo;est disponible. Tarif forfaitaire : 275 $ par emplacement pour 3 nuits. Le tarif comprend 2 billets d&rsquo;entr\u00e9e g\u00e9n\u00e9rale pour les spectacles du samedi et du dimanche. Arriv\u00e9e \u00e0 partir de midi et au plus tard le vendredi 17 juillet 2026 \u00e0 20 h, et d\u00e9part au plus t\u00f4t le dimanche 19 juillet 2026 \u00e0 18 h, et au plus tard le lundi 20 juillet 2026 \u00e0 10 h.<\/p>\n<p>[\/et_pb_text][et_pb_text admin_label=\u00a0\u00bbOption 2&Prime; _builder_version=\u00a0\u00bb4.24.0&Prime; text_font=\u00a0\u00bb|300|||||||\u00a0\u00bb text_text_color=\u00a0\u00bb#000000&Prime; text_font_size=\u00a0\u00bb16px\u00a0\u00bb global_colors_info=\u00a0\u00bb{}\u00a0\u00bb]<\/p>\n<p><strong>Possibilit\u00e9 no2<\/strong><br \/>Le terrain de camping pour les VR, qui est situ\u00e9 dans la r\u00e9gion de Martineau, est r\u00e9serv\u00e9 aux membres de l\u2019\u00e9quipe de la 4e escadre D\u00e9fense et \u00e0 leurs familles.<\/p>\n<p>Pour obtenir de plus amples renseignements et acc\u00e9der aux formulaires d\u2019inscription, veuillez cliquez <a href=\"https:\/\/sbmfc.ca\/cold-lake\/installations\/installations-loisirs-exterieur\/parc-vr-terrain-camping\" target=\"_blank\" rel=\"noopener\">ici<\/a>.<\/p>\n<p>[\/et_pb_text][\/et_pb_column][et_pb_column type=\u00a0\u00bb2_5&Prime; _builder_version=\u00a0\u00bb4.16&Prime; background_color=\u00a0\u00bb#ffffff\u00a0\u00bb custom_padding=\u00a0\u00bb3%|3%|3%|3%|true|true\u00a0\u00bb border_radii=\u00a0\u00bboff|10px||10px|\u00a0\u00bb global_colors_info=\u00a0\u00bb{}\u00a0\u00bb][et_pb_text _builder_version=\u00a0\u00bb4.27.4&Prime; header_2_font_size=\u00a0\u00bb24px\u00a0\u00bb header_2_line_height=\u00a0\u00bb1.5em\u00a0\u00bb custom_margin=\u00a0\u00bb||11px|||\u00a0\u00bb text_text_align=\u00a0\u00bbcenter\u00a0\u00bb global_colors_info=\u00a0\u00bb{}\u00a0\u00bb]<\/p>\n<h3>Location de passe pour stationnement de VR &#8211; \u00c0 d\u00e9terminer<\/h3>\n<p>[\/et_pb_text][et_pb_image title_text=\u00a0\u00bbRV Parking Map\u00a0\u00bb show_in_lightbox=\u00a0\u00bbon\u00a0\u00bb _builder_version=\u00a0\u00bb4.27.4&Prime; global_colors_info=\u00a0\u00bb{}\u00a0\u00bb][\/et_pb_image][et_pb_text _builder_version=\u00a0\u00bb4.27.4&Prime; header_2_font_size=\u00a0\u00bb24px\u00a0\u00bb header_2_line_height=\u00a0\u00bb1.5em\u00a0\u00bb text_orientation=\u00a0\u00bbcenter\u00a0\u00bb custom_margin=\u00a0\u00bb||7px|||\u00a0\u00bb hover_enabled=\u00a0\u00bb0&Prime; text_text_align=\u00a0\u00bbcenter\u00a0\u00bb global_colors_info=\u00a0\u00bb{}\u00a0\u00bb sticky_enabled=\u00a0\u00bb0&Prime;]<\/p>\n<h3>Procurez-vous votre pass VR !<\/h3>\n<p>[\/et_pb_text][et_pb_button button_url=\u00a0\u00bbhttps:\/\/coldlakeairshow.com\/fr\/billets-et-souvenir\/\u00a0\u00bb button_text=\u00a0\u00bbPasse de VR\u00a0\u00bb button_alignment=\u00a0\u00bbcenter\u00a0\u00bb _builder_version=\u00a0\u00bb4.27.4&Prime; custom_button=\u00a0\u00bbon\u00a0\u00bb button_text_size=\u00a0\u00bb26px\u00a0\u00bb button_text_color=\u00a0\u00bb#ffffff\u00a0\u00bb button_bg_color=\u00a0\u00bb#E02B20&Prime; button_border_radius=\u00a0\u00bb10px\u00a0\u00bb box_shadow_style=\u00a0\u00bbpreset3&Prime; box_shadow_vertical=\u00a0\u00bb15px\u00a0\u00bb box_shadow_spread=\u00a0\u00bb-4px\u00a0\u00bb global_colors_info=\u00a0\u00bb{}\u00a0\u00bb][\/et_pb_button][\/et_pb_column][\/et_pb_row][\/et_pb_section]<\/p>\n","protected":false},"excerpt":{"rendered":"<p>Spectacle a\u00e9rien de Cold LakePossibilit\u00e9s d\u2019h\u00e9bergement \u00e0 Cold Lake et dans l\u2019arrondissement municipal de Bonnyville :La ville de Cold Lake et l\u2019arrondissement municipal de Bonnyville offrent plusieurs possibilit\u00e9s d\u2019h\u00e9bergement. Veuillez cliquer sur le lien pour plus d&rsquo;informations.Possibilit\u00e9s de camping \u00e0 la 4e Escadre :Possibilit\u00e9 no1Un espace de camping pour camping-cars sera mis \u00e0 la disposition [&hellip;]<\/p>\n","protected":false},"author":1,"featured_media":0,"parent":0,"menu_order":0,"comment_status":"closed","ping_status":"closed","template":"","meta":{"_et_pb_use_builder":"on","_et_pb_old_content":"","_et_gb_content_width":"","footnotes":""},"class_list":["post-1123","page","type-page","status-publish","hentry"],"yoast_head":"<!-- This site is optimized with the Yoast SEO plugin v27.3 - https:\/\/yoast.com\/product\/yoast-seo-wordpress\/ -->\n<title>H\u00e9bergement - Cold Lake Air Show<\/title>\n<meta name=\"robots\" content=\"index, follow, max-snippet:-1, max-image-preview:large, max-video-preview:-1\" \/>\n<link rel=\"canonical\" href=\"https:\/\/coldlakeairshow.com\/accommodations\/\" \/>\n<meta property=\"og:locale\" content=\"fr_FR\" \/>\n<meta property=\"og:type\" content=\"article\" \/>\n<meta property=\"og:title\" content=\"H\u00e9bergement - Cold Lake Air Show\" \/>\n<meta property=\"og:description\" content=\"Spectacle a\u00e9rien de Cold LakePossibilit\u00e9s d\u2019h\u00e9bergement \u00e0 Cold Lake et dans l\u2019arrondissement municipal de Bonnyville :La ville de Cold Lake et l\u2019arrondissement municipal de Bonnyville offrent plusieurs possibilit\u00e9s d\u2019h\u00e9bergement. Veuillez cliquer sur le lien pour plus d&#039;informations.Possibilit\u00e9s de camping \u00e0 la 4e Escadre :Possibilit\u00e9 no1Un espace de camping pour camping-cars sera mis \u00e0 la disposition [&hellip;]\" \/>\n<meta property=\"og:url\" content=\"https:\/\/coldlakeairshow.com\/accommodations\/\" \/>\n<meta property=\"og:site_name\" content=\"Cold Lake Air Show\" \/>\n<meta property=\"article:modified_time\" content=\"2026-03-23T14:47:15+00:00\" \/>\n<meta name=\"twitter:card\" content=\"summary_large_image\" \/>\n<meta name=\"twitter:label1\" content=\"Dur\u00e9e de lecture estim\u00e9e\" \/>\n\t<meta name=\"twitter:data1\" content=\"4 minutes\" \/>\n<script type=\"application\/ld+json\" class=\"yoast-schema-graph\">{\"@context\":\"https:\\\/\\\/schema.org\",\"@graph\":[{\"@type\":\"WebPage\",\"@id\":\"https:\\\/\\\/coldlakeairshow.com\\\/accommodations\\\/\",\"url\":\"https:\\\/\\\/coldlakeairshow.com\\\/accommodations\\\/\",\"name\":\"H\u00e9bergement - Cold Lake Air Show\",\"isPartOf\":{\"@id\":\"https:\\\/\\\/coldlakeairshow.com\\\/#website\"},\"datePublished\":\"2019-11-04T19:07:48+00:00\",\"dateModified\":\"2026-03-23T14:47:15+00:00\",\"breadcrumb\":{\"@id\":\"https:\\\/\\\/coldlakeairshow.com\\\/accommodations\\\/#breadcrumb\"},\"inLanguage\":\"fr-FR\",\"potentialAction\":[{\"@type\":\"ReadAction\",\"target\":[\"https:\\\/\\\/coldlakeairshow.com\\\/accommodations\\\/\"]}]},{\"@type\":\"BreadcrumbList\",\"@id\":\"https:\\\/\\\/coldlakeairshow.com\\\/accommodations\\\/#breadcrumb\",\"itemListElement\":[{\"@type\":\"ListItem\",\"position\":1,\"name\":\"Home\",\"item\":\"https:\\\/\\\/coldlakeairshow.com\\\/\"},{\"@type\":\"ListItem\",\"position\":2,\"name\":\"H\u00e9bergement\"}]},{\"@type\":\"WebSite\",\"@id\":\"https:\\\/\\\/coldlakeairshow.com\\\/#website\",\"url\":\"https:\\\/\\\/coldlakeairshow.com\\\/\",\"name\":\"Cold Lake Air Show\",\"description\":\"18 &amp; 19 July 2026\",\"potentialAction\":[{\"@type\":\"SearchAction\",\"target\":{\"@type\":\"EntryPoint\",\"urlTemplate\":\"https:\\\/\\\/coldlakeairshow.com\\\/?s={search_term_string}\"},\"query-input\":{\"@type\":\"PropertyValueSpecification\",\"valueRequired\":true,\"valueName\":\"search_term_string\"}}],\"inLanguage\":\"fr-FR\"}]}<\/script>\n<!-- \/ Yoast SEO plugin. -->","yoast_head_json":{"title":"H\u00e9bergement - Cold Lake Air Show","robots":{"index":"index","follow":"follow","max-snippet":"max-snippet:-1","max-image-preview":"max-image-preview:large","max-video-preview":"max-video-preview:-1"},"canonical":"https:\/\/coldlakeairshow.com\/accommodations\/","og_locale":"fr_FR","og_type":"article","og_title":"H\u00e9bergement - Cold Lake Air Show","og_description":"Spectacle a\u00e9rien de Cold LakePossibilit\u00e9s d\u2019h\u00e9bergement \u00e0 Cold Lake et dans l\u2019arrondissement municipal de Bonnyville :La ville de Cold Lake et l\u2019arrondissement municipal de Bonnyville offrent plusieurs possibilit\u00e9s d\u2019h\u00e9bergement. Veuillez cliquer sur le lien pour plus d'informations.Possibilit\u00e9s de camping \u00e0 la 4e Escadre :Possibilit\u00e9 no1Un espace de camping pour camping-cars sera mis \u00e0 la disposition [&hellip;]","og_url":"https:\/\/coldlakeairshow.com\/accommodations\/","og_site_name":"Cold Lake Air Show","article_modified_time":"2026-03-23T14:47:15+00:00","twitter_card":"summary_large_image","twitter_misc":{"Dur\u00e9e de lecture estim\u00e9e":"4 minutes"},"schema":{"@context":"https:\/\/schema.org","@graph":[{"@type":"WebPage","@id":"https:\/\/coldlakeairshow.com\/accommodations\/","url":"https:\/\/coldlakeairshow.com\/accommodations\/","name":"H\u00e9bergement - Cold Lake Air Show","isPartOf":{"@id":"https:\/\/coldlakeairshow.com\/#website"},"datePublished":"2019-11-04T19:07:48+00:00","dateModified":"2026-03-23T14:47:15+00:00","breadcrumb":{"@id":"https:\/\/coldlakeairshow.com\/accommodations\/#breadcrumb"},"inLanguage":"fr-FR","potentialAction":[{"@type":"ReadAction","target":["https:\/\/coldlakeairshow.com\/accommodations\/"]}]},{"@type":"BreadcrumbList","@id":"https:\/\/coldlakeairshow.com\/accommodations\/#breadcrumb","itemListElement":[{"@type":"ListItem","position":1,"name":"Home","item":"https:\/\/coldlakeairshow.com\/"},{"@type":"ListItem","position":2,"name":"H\u00e9bergement"}]},{"@type":"WebSite","@id":"https:\/\/coldlakeairshow.com\/#website","url":"https:\/\/coldlakeairshow.com\/","name":"Cold Lake Air Show","description":"18 &amp; 19 July 2026","potentialAction":[{"@type":"SearchAction","target":{"@type":"EntryPoint","urlTemplate":"https:\/\/coldlakeairshow.com\/?s={search_term_string}"},"query-input":{"@type":"PropertyValueSpecification","valueRequired":true,"valueName":"search_term_string"}}],"inLanguage":"fr-FR"}]}},"_links":{"self":[{"href":"https:\/\/coldlakeairshow.com\/fr\/wp-json\/wp\/v2\/pages\/1123","targetHints":{"allow":["GET"]}}],"collection":[{"href":"https:\/\/coldlakeairshow.com\/fr\/wp-json\/wp\/v2\/pages"}],"about":[{"href":"https:\/\/coldlakeairshow.com\/fr\/wp-json\/wp\/v2\/types\/page"}],"author":[{"embeddable":true,"href":"https:\/\/coldlakeairshow.com\/fr\/wp-json\/wp\/v2\/users\/1"}],"replies":[{"embeddable":true,"href":"https:\/\/coldlakeairshow.com\/fr\/wp-json\/wp\/v2\/comments?post=1123"}],"version-history":[{"count":17,"href":"https:\/\/coldlakeairshow.com\/fr\/wp-json\/wp\/v2\/pages\/1123\/revisions"}],"predecessor-version":[{"id":5824,"href":"https:\/\/coldlakeairshow.com\/fr\/wp-json\/wp\/v2\/pages\/1123\/revisions\/5824"}],"wp:attachment":[{"href":"https:\/\/coldlakeairshow.com\/fr\/wp-json\/wp\/v2\/media?parent=1123"}],"curies":[{"name":"wp","href":"https:\/\/api.w.org\/{rel}","templated":true}]}}